{"id":1567,"date":"2023-11-25T23:25:01","date_gmt":"2023-11-26T05:25:01","guid":{"rendered":"https:\/\/studiovainilla.com\/serviciosweb\/?page_id=1567"},"modified":"2024-01-11T18:59:49","modified_gmt":"2024-01-12T00:59:49","slug":"ingresar","status":"publish","type":"page","link":"https:\/\/studiovainilla.com\/serviciosweb\/en\/ingresar\/","title":{"rendered":"Login"},"content":{"rendered":"<style>.elementor-1567 .elementor-element.elementor-element-09edbcc:not(.elementor-motion-effects-element-type-background), .elementor-1567 .elementor-element.elementor-element-09edbcc > .elementor-motion-effects-container > .elementor-motion-effects-layer{background-color:#0000008C;}.elementor-1567 .elementor-element.elementor-element-09edbcc > .elementor-background-overlay{background-color:#000000;opacity:0.83;transition:background 0.3s, border-radius 0.3s, opacity 0.3s;}.elementor-1567 .elementor-element.elementor-element-09edbcc > .elementor-container{max-width:1440px;}.elementor-1567 .elementor-element.elementor-element-09edbcc{transition:background 0.3s, border 0.3s, border-radius 0.3s, box-shadow 0.3s;margin-top:-154px;margin-bottom:0px;padding:0em 0em 0em 0em;}.elementor-1567 .elementor-element.elementor-element-aaa8761:not(.elementor-motion-effects-element-type-background) > .elementor-widget-wrap, .elementor-1567 .elementor-element.elementor-element-aaa8761 > .elementor-widget-wrap > .elementor-motion-effects-container > .elementor-motion-effects-layer{background-image:url(\"https:\/\/studiovainilla.com\/serviciosweb\/wp-content\/uploads\/2023\/11\/it-technician-checking-the-servers-vitals-using-laptop-computer-scaled.jpg\");background-position:center center;background-size:cover;}.elementor-1567 .elementor-element.elementor-element-aaa8761 > .elementor-element-populated >  .elementor-background-overlay{background-color:transparent;background-image:linear-gradient(180deg, #000E13 35%, #00000080 100%);opacity:1;}.elementor-1567 .elementor-element.elementor-element-aaa8761 > .elementor-element-populated, .elementor-1567 .elementor-element.elementor-element-aaa8761 > .elementor-element-populated > .elementor-background-overlay, .elementor-1567 .elementor-element.elementor-element-aaa8761 > .elementor-background-slideshow{border-radius:15px 15px 15px 15px;}.elementor-1567 .elementor-element.elementor-element-aaa8761 > .elementor-element-populated{transition:background 0.3s, border 0.3s, border-radius 0.3s, box-shadow 0.3s;}.elementor-1567 .elementor-element.elementor-element-aaa8761 > .elementor-element-populated > .elementor-background-overlay{transition:background 0.3s, border-radius 0.3s, opacity 0.3s;}.elementor-1567 .elementor-element.elementor-element-e684ba8{--spacer-size:29vh;}.elementor-1567 .elementor-element.elementor-element-e684ba8 > .elementor-widget-container{border-radius:15px 15px 15px 15px;}.elementor-1567 .elementor-element.elementor-element-f7ca567{text-align:center;font-family:\"Montserrat\", Sans-serif;font-size:22px;font-weight:600;line-height:39px;color:#FFFFFF;}.elementor-1567 .elementor-element.elementor-element-dad2e62 > .elementor-widget-container{margin:-8px 0px 0px 0px;padding:0px 0px 0px 0px;}.elementor-1567 .elementor-element.elementor-element-dad2e62{text-align:center;font-family:\"Montserrat\", Sans-serif;font-size:43px;font-weight:800;line-height:39px;color:#FFFFFF;}.elementor-1567 .elementor-element.elementor-element-347a6ca{--spacer-size:7vh;}.elementor-1567 .elementor-element.elementor-element-347a6ca > .elementor-widget-container{border-radius:15px 15px 15px 15px;}.elementor-1567 .elementor-element.elementor-element-f854cbe:not(.elementor-motion-effects-element-type-background), .elementor-1567 .elementor-element.elementor-element-f854cbe > .elementor-motion-effects-container > .elementor-motion-effects-layer{background-color:#FFFFFF;}.elementor-1567 .elementor-element.elementor-element-f854cbe{border-style:solid;border-width:1px 1px 1px 1px;border-color:#FFFFFF;box-shadow:0px 0px 37px -3px #00B0A0;transition:background 0.3s, border 0.3s, border-radius 0.3s, box-shadow 0.3s;margin-top:0px;margin-bottom:0px;padding:5px 0px 0px 0px;}.elementor-1567 .elementor-element.elementor-element-f854cbe > .elementor-background-overlay{transition:background 0.3s, border-radius 0.3s, opacity 0.3s;}.elementor-1567 .elementor-element.elementor-element-0969e48{--e-image-carousel-slides-to-show:7;}.elementor-1567 .elementor-element.elementor-element-0969e48 .swiper-wrapper{display:flex;align-items:center;}.elementor-1567 .elementor-element.elementor-element-31228f7{--display:flex;--flex-direction:row;--container-widget-width:initial;--container-widget-height:100%;--container-widget-flex-grow:1;--container-widget-align-self:stretch;--flex-wrap-mobile:wrap;--gap:0px 0px;--row-gap:0px;--column-gap:0px;}.elementor-1567 .elementor-element.elementor-element-5467c2e{--display:flex;--flex-direction:column;--container-widget-width:100%;--container-widget-height:initial;--container-widget-flex-grow:0;--container-widget-align-self:initial;--flex-wrap-mobile:wrap;}.elementor-1567 .elementor-element.elementor-element-4007ba4 .elementor-alert{background-color:#00B0A01F;border-inline-start-color:#00B0A0;border-inline-start-width:15px;}.elementor-1567 .elementor-element.elementor-element-4007ba4 .elementor-alert-title{color:#FFFFFF;}.elementor-1567 .elementor-element.elementor-element-4007ba4 .elementor-alert-description{color:#FFFFFF;}.elementor-1567 .elementor-element.elementor-element-4007ba4{--dismiss-icon-normal-color:#FFFFFF;}@media(min-width:768px){.elementor-1567 .elementor-element.elementor-element-5467c2e{--width:50%;}}@media(max-width:1366px){.elementor-1567 .elementor-element.elementor-element-e684ba8{--spacer-size:40vh;}.elementor-1567 .elementor-element.elementor-element-347a6ca{--spacer-size:0vh;}.elementor-1567 .elementor-element.elementor-element-0969e48{--e-image-carousel-slides-to-show:7;}}@media(max-width:1024px){.elementor-1567 .elementor-element.elementor-element-e684ba8{--spacer-size:40vh;}.elementor-1567 .elementor-element.elementor-element-347a6ca{--spacer-size:14vh;}.elementor-1567 .elementor-element.elementor-element-0969e48{--e-image-carousel-slides-to-show:4;}}@media(max-width:767px){.elementor-1567 .elementor-element.elementor-element-aaa8761 > .elementor-widget-wrap > .elementor-widget:not(.elementor-widget__width-auto):not(.elementor-widget__width-initial):not(:last-child):not(.elementor-absolute){margin-block-end:0px;}.elementor-1567 .elementor-element.elementor-element-e684ba8{--spacer-size:34vh;}.elementor-1567 .elementor-element.elementor-element-f7ca567{font-size:17px;line-height:1.4em;}.elementor-1567 .elementor-element.elementor-element-dad2e62 > .elementor-widget-container{margin:0px 0px 0px 0px;}.elementor-1567 .elementor-element.elementor-element-dad2e62{font-size:36px;}.elementor-1567 .elementor-element.elementor-element-347a6ca{--spacer-size:13vh;}.elementor-1567 .elementor-element.elementor-element-0969e48{--e-image-carousel-slides-to-show:4;}.elementor-1567 .elementor-element.elementor-element-0969e48 .swiper-wrapper{display:flex;align-items:center;}.elementor-1567 .elementor-element.elementor-element-5467c2e{--justify-content:center;--align-items:center;--container-widget-width:calc( ( 1 - var( --container-widget-flex-grow ) ) * 100% );}.elementor-1567 .elementor-element.elementor-element-4007ba4 .elementor-alert-description{font-size:14px;line-height:0em;}.elementor-1567 .elementor-element.elementor-element-4007ba4{--dismiss-icon-size:22px;}}<\/style>\t\t<div data-elementor-type=\"wp-page\" data-elementor-id=\"1567\" class=\"elementor elementor-1567\" data-elementor-post-type=\"page\">\n\t\t\t\t\t\t<section class=\"elementor-section elementor-top-section elementor-element elementor-element-09edbcc elementor-section-boxed elementor-section-height-default elementor-section-height-default\" data-id=\"09edbcc\" data-element_type=\"section\" data-settings=\"{&quot;background_background&quot;:&quot;classic&quot;}\">\n\t\t\t\t\t\t\t<div class=\"elementor-background-overlay\"><\/div>\n\t\t\t\t\t\t\t<div class=\"elementor-container elementor-column-gap-default\">\n\t\t\t\t\t<div class=\"elementor-column elementor-col-100 elementor-top-column elementor-element elementor-element-aaa8761\" data-id=\"aaa8761\" data-element_type=\"column\" data-settings=\"{&quot;background_background&quot;:&quot;classic&quot;}\">\n\t\t\t<div class=\"elementor-widget-wrap elementor-element-populated\">\n\t\t\t\t\t<div class=\"elementor-background-overlay\"><\/div>\n\t\t\t\t\t\t<div class=\"elementor-element elementor-element-e684ba8 elementor-widget elementor-widget-spacer\" data-id=\"e684ba8\" data-element_type=\"widget\" data-widget_type=\"spacer.default\">\n\t\t\t\t<div class=\"elementor-widget-container\">\n\t\t\t\t\t\t\t<div class=\"elementor-spacer\">\n\t\t\t<div class=\"elementor-spacer-inner\"><\/div>\n\t\t<\/div>\n\t\t\t\t\t\t<\/div>\n\t\t\t\t<\/div>\n\t\t\t\t<div class=\"elementor-element elementor-element-f7ca567 elementor-widget elementor-widget-text-editor\" data-id=\"f7ca567\" data-element_type=\"widget\" data-widget_type=\"text-editor.default\">\n\t\t\t\t<div class=\"elementor-widget-container\">\n\t\t\t\t\t\t\t\t\t<p>Welcome to the infrastructure of the <span style=\"color: #00b0a0;\">big companies<\/span><\/p>\t\t\t\t\t\t\t\t<\/div>\n\t\t\t\t<\/div>\n\t\t\t\t<div class=\"elementor-element elementor-element-dad2e62 elementor-widget elementor-widget-text-editor\" data-id=\"dad2e62\" data-element_type=\"widget\" data-widget_type=\"text-editor.default\">\n\t\t\t\t<div class=\"elementor-widget-container\">\n\t\t\t\t\t\t\t\t\t<p><span style=\"color: #00b0a0;\">Login<\/span><\/p>\t\t\t\t\t\t\t\t<\/div>\n\t\t\t\t<\/div>\n\t\t\t\t<div class=\"elementor-element elementor-element-347a6ca elementor-widget elementor-widget-spacer\" data-id=\"347a6ca\" data-element_type=\"widget\" data-widget_type=\"spacer.default\">\n\t\t\t\t<div class=\"elementor-widget-container\">\n\t\t\t\t\t\t\t<div class=\"elementor-spacer\">\n\t\t\t<div class=\"elementor-spacer-inner\"><\/div>\n\t\t<\/div>\n\t\t\t\t\t\t<\/div>\n\t\t\t\t<\/div>\n\t\t\t\t\t<\/div>\n\t\t<\/div>\n\t\t\t\t\t<\/div>\n\t\t<\/section>\n\t\t\t\t<section class=\"elementor-section elementor-top-section elementor-element elementor-element-f854cbe elementor-section-full_width elementor-section-stretched elementor-section-height-default elementor-section-height-default\" data-id=\"f854cbe\" data-element_type=\"section\" data-settings=\"{&quot;stretch_section&quot;:&quot;section-stretched&quot;,&quot;background_background&quot;:&quot;classic&quot;}\">\n\t\t\t\t\t\t<div class=\"elementor-container elementor-column-gap-default\">\n\t\t\t\t\t<div class=\"elementor-column elementor-col-100 elementor-top-column elementor-element elementor-element-b6f24be\" data-id=\"b6f24be\" data-element_type=\"column\">\n\t\t\t<div class=\"elementor-widget-wrap elementor-element-populated\">\n\t\t\t\t\t\t<div class=\"elementor-element elementor-element-0969e48 elementor-widget elementor-widget-image-carousel\" data-id=\"0969e48\" data-element_type=\"widget\" data-settings=\"{&quot;slides_to_show&quot;:&quot;7&quot;,&quot;slides_to_scroll&quot;:&quot;1&quot;,&quot;navigation&quot;:&quot;none&quot;,&quot;slides_to_show_mobile&quot;:&quot;4&quot;,&quot;slides_to_scroll_mobile&quot;:&quot;2&quot;,&quot;autoplay_speed&quot;:2500,&quot;slides_to_show_laptop&quot;:&quot;7&quot;,&quot;slides_to_show_tablet&quot;:&quot;4&quot;,&quot;slides_to_scroll_laptop&quot;:&quot;2&quot;,&quot;slides_to_scroll_tablet&quot;:&quot;1&quot;,&quot;pause_on_hover&quot;:&quot;no&quot;,&quot;pause_on_interaction&quot;:&quot;no&quot;,&quot;autoplay&quot;:&quot;yes&quot;,&quot;infinite&quot;:&quot;yes&quot;,&quot;speed&quot;:500}\" data-widget_type=\"image-carousel.default\">\n\t\t\t\t<div class=\"elementor-widget-container\">\n\t\t\t\t\t\t\t<div class=\"elementor-image-carousel-wrapper swiper\" role=\"region\" aria-roledescription=\"carousel\" aria-label=\"Image Carousel\" dir=\"ltr\">\n\t\t\t<div class=\"elementor-image-carousel swiper-wrapper\" aria-live=\"off\">\n\t\t\t\t\t\t\t\t<div class=\"swiper-slide\" role=\"group\" aria-roledescription=\"slide\" aria-label=\"1 of 11\"><figure class=\"swiper-slide-inner\"><img decoding=\"async\" class=\"swiper-slide-image\" src=\"https:\/\/studiovainilla.com\/serviciosweb\/wp-content\/uploads\/2023\/11\/cPanel-StudioVainilla.png\" alt=\"cPanel-StudioVainilla\" \/><\/figure><\/div><div class=\"swiper-slide\" role=\"group\" aria-roledescription=\"slide\" aria-label=\"2 of 11\"><figure class=\"swiper-slide-inner\"><img decoding=\"async\" class=\"swiper-slide-image\" src=\"https:\/\/studiovainilla.com\/serviciosweb\/wp-content\/uploads\/2023\/11\/AccelerateWP-StudioVainilla-Servicios-Web-Cache.png\" alt=\"AccelerateWP-StudioVainilla-Servicios-Web-Cache\u0301\" \/><\/figure><\/div><div class=\"swiper-slide\" role=\"group\" aria-roledescription=\"slide\" aria-label=\"3 of 11\"><figure class=\"swiper-slide-inner\"><img decoding=\"async\" class=\"swiper-slide-image\" src=\"https:\/\/studiovainilla.com\/serviciosweb\/wp-content\/uploads\/2023\/11\/CloudLinux.png\" alt=\"CloudLinux\" \/><\/figure><\/div><div class=\"swiper-slide\" role=\"group\" aria-roledescription=\"slide\" aria-label=\"4 of 11\"><figure class=\"swiper-slide-inner\"><img decoding=\"async\" class=\"swiper-slide-image\" src=\"https:\/\/studiovainilla.com\/serviciosweb\/wp-content\/uploads\/2023\/11\/Security-Inmunify-StudioVainilla-Servicios-Web.png\" alt=\"Security-Inmunify-StudioVainilla-Servicios-Web\" \/><\/figure><\/div><div class=\"swiper-slide\" role=\"group\" aria-roledescription=\"slide\" aria-label=\"5 of 11\"><figure class=\"swiper-slide-inner\"><img decoding=\"async\" class=\"swiper-slide-image\" src=\"https:\/\/studiovainilla.com\/serviciosweb\/wp-content\/uploads\/2023\/11\/jetBack-Up-StudioVainilla-Servicios-Web.png\" alt=\"jetBack-Up-StudioVainilla-Servicios-Web\" \/><\/figure><\/div><div class=\"swiper-slide\" role=\"group\" aria-roledescription=\"slide\" aria-label=\"6 of 11\"><figure class=\"swiper-slide-inner\"><img decoding=\"async\" class=\"swiper-slide-image\" src=\"https:\/\/studiovainilla.com\/serviciosweb\/wp-content\/uploads\/2023\/11\/Slack-StudioVainilla.png\" alt=\"Slack-StudioVainilla\" \/><\/figure><\/div><div class=\"swiper-slide\" role=\"group\" aria-roledescription=\"slide\" aria-label=\"7 of 11\"><figure class=\"swiper-slide-inner\"><img decoding=\"async\" class=\"swiper-slide-image\" src=\"https:\/\/studiovainilla.com\/serviciosweb\/wp-content\/uploads\/2023\/11\/litespeed-logo-1.png\" alt=\"litespeed-logo-1\" \/><\/figure><\/div><div class=\"swiper-slide\" role=\"group\" aria-roledescription=\"slide\" aria-label=\"8 of 11\"><figure class=\"swiper-slide-inner\"><img decoding=\"async\" class=\"swiper-slide-image\" src=\"https:\/\/studiovainilla.com\/serviciosweb\/wp-content\/uploads\/2023\/11\/MailChannels-StudioVainilla.png\" alt=\"MailChannels-StudioVainilla\" \/><\/figure><\/div><div class=\"swiper-slide\" role=\"group\" aria-roledescription=\"slide\" aria-label=\"9 of 11\"><figure class=\"swiper-slide-inner\"><img decoding=\"async\" class=\"swiper-slide-image\" src=\"https:\/\/studiovainilla.com\/serviciosweb\/wp-content\/uploads\/2023\/11\/Magic-Spam-Protect-StudioVainilla-Servicios-Web.png\" alt=\"Magic-Spam-Protect-StudioVainilla-Servicios-Web\" \/><\/figure><\/div><div class=\"swiper-slide\" role=\"group\" aria-roledescription=\"slide\" aria-label=\"10 of 11\"><figure class=\"swiper-slide-inner\"><img decoding=\"async\" class=\"swiper-slide-image\" src=\"https:\/\/studiovainilla.com\/serviciosweb\/wp-content\/uploads\/2023\/11\/AWS-StudioVainilla.png\" alt=\"AWS-StudioVainilla\" \/><\/figure><\/div><div class=\"swiper-slide\" role=\"group\" aria-roledescription=\"slide\" aria-label=\"11 of 11\"><figure class=\"swiper-slide-inner\"><img decoding=\"async\" class=\"swiper-slide-image\" src=\"https:\/\/studiovainilla.com\/serviciosweb\/wp-content\/uploads\/2023\/11\/Wordpress-StudioVainilla.png\" alt=\"Wordpress-StudioVainilla\" \/><\/figure><\/div>\t\t\t<\/div>\n\t\t\t\t\t\t\t\n\t\t\t\t\t\t\t\t\t<\/div>\n\t\t\t\t\t\t<\/div>\n\t\t\t\t<\/div>\n\t\t\t\t\t<\/div>\n\t\t<\/div>\n\t\t\t\t\t<\/div>\n\t\t<\/section>\n\t\t<div class=\"elementor-element elementor-element-31228f7 stax-condition-yes elementor-hidden-desktop elementor-hidden-laptop elementor-hidden-tablet e-flex e-con-boxed e-con e-parent\" data-id=\"31228f7\" data-element_type=\"container\">\n\t\t\t\t\t<div class=\"e-con-inner\">\n\t\t<div class=\"elementor-element elementor-element-5467c2e e-con-full e-flex e-con e-child\" data-id=\"5467c2e\" data-element_type=\"container\">\n\t\t\t\t<div class=\"elementor-element elementor-element-4007ba4 elementor-alert-info elementor-widget elementor-widget-alert\" data-id=\"4007ba4\" data-element_type=\"widget\" data-widget_type=\"alert.default\">\n\t\t\t\t<div class=\"elementor-widget-container\">\n\t\t\t\t\t\t\t<div class=\"elementor-alert\" role=\"alert\">\n\n\t\t\t\t\t\t<span class=\"elementor-alert-title\">Descarga la app a tu tel\u00e9fono<\/span>\n\t\t\t\n\t\t\t\t\t\t<span class=\"elementor-alert-description\">Instala esta aplicaci\u00f3n web en tu tel\u00e9fono. Pulsa el \u00edcono de compartir localizado justo aqu\u00ed en medio del navegador, con una flecha hacia arriba, y haz clic en \"Agregar a inicio\".<\/span>\n\t\t\t\n\t\t\t\t\t\t<button type=\"button\" class=\"elementor-alert-dismiss\" aria-label=\"Dismiss this alert.\">\n\t\t\t\t\t\t\t\t\t<span aria-hidden=\"true\">&times;<\/span>\n\t\t\t\t\t\t\t<\/button>\n\t\t\t\n\t\t<\/div>\n\t\t\t\t\t\t<\/div>\n\t\t\t\t<\/div>\n\t\t\t\t<\/div>\n\t\t\t\t\t<\/div>\n\t\t\t\t<\/div>\n\t\t\t\t<\/div>","protected":false},"excerpt":{"rendered":"<p>Bienvenidos a la infraestructura de las grandes compa\u00f1\u00edas Ingresar EmailContrase\u00f1aAntispam 1Antispam 2Antispam 3 recu\u00e9rdame Entrar Descarga la app a tu tel\u00e9fono Instala esta aplicaci\u00f3n web en tu tel\u00e9fono. Pulsa el \u00edcono de compartir localizado justo aqu\u00ed en medio del navegador, con una flecha hacia arriba, y haz clic en &#8220;Agregar a inicio&#8221;. &times; Descartar esta [&hellip;]<\/p>","protected":false},"author":1,"featured_media":0,"parent":0,"menu_order":0,"comment_status":"closed","ping_status":"closed","template":"elementor_header_footer","meta":{"_acf_changed":false,"footnotes":""},"class_list":["post-1567","page","type-page","status-publish","hentry"],"acf":[],"_links":{"self":[{"href":"https:\/\/studiovainilla.com\/serviciosweb\/en\/wp-json\/wp\/v2\/pages\/1567","targetHints":{"allow":["GET"]}}],"collection":[{"href":"https:\/\/studiovainilla.com\/serviciosweb\/en\/wp-json\/wp\/v2\/pages"}],"about":[{"href":"https:\/\/studiovainilla.com\/serviciosweb\/en\/wp-json\/wp\/v2\/types\/page"}],"author":[{"embeddable":true,"href":"https:\/\/studiovainilla.com\/serviciosweb\/en\/wp-json\/wp\/v2\/users\/1"}],"replies":[{"embeddable":true,"href":"https:\/\/studiovainilla.com\/serviciosweb\/en\/wp-json\/wp\/v2\/comments?post=1567"}],"version-history":[{"count":31,"href":"https:\/\/studiovainilla.com\/serviciosweb\/en\/wp-json\/wp\/v2\/pages\/1567\/revisions"}],"predecessor-version":[{"id":1849,"href":"https:\/\/studiovainilla.com\/serviciosweb\/en\/wp-json\/wp\/v2\/pages\/1567\/revisions\/1849"}],"wp:attachment":[{"href":"https:\/\/studiovainilla.com\/serviciosweb\/en\/wp-json\/wp\/v2\/media?parent=1567"}],"curies":[{"name":"wp","href":"https:\/\/api.w.org\/{rel}","templated":true}]}}