{"id":1284,"date":"2023-11-22T21:13:57","date_gmt":"2023-11-23T03:13:57","guid":{"rendered":"https:\/\/studiovainilla.com\/serviciosweb\/?page_id=1284"},"modified":"2023-11-24T13:49:25","modified_gmt":"2023-11-24T19:49:25","slug":"facturacion","status":"publish","type":"page","link":"https:\/\/studiovainilla.com\/serviciosweb\/en\/facturacion\/","title":{"rendered":"Solicita tu factura"},"content":{"rendered":"<style>.elementor-1284 .elementor-element.elementor-element-20c0f14{--display:flex;--overlay-opacity:0.65;--margin-top:0px;--margin-bottom:0px;--margin-left:0px;--margin-right:0px;--padding-top:3em;--padding-bottom:0em;--padding-left:0em;--padding-right:0em;}.elementor-1284 .elementor-element.elementor-element-20c0f14::before, .elementor-1284 .elementor-element.elementor-element-20c0f14 > .elementor-background-video-container::before, .elementor-1284 .elementor-element.elementor-element-20c0f14 > .e-con-inner > .elementor-background-video-container::before, .elementor-1284 .elementor-element.elementor-element-20c0f14 > .elementor-background-slideshow::before, .elementor-1284 .elementor-element.elementor-element-20c0f14 > .e-con-inner > .elementor-background-slideshow::before, .elementor-1284 .elementor-element.elementor-element-20c0f14 > .elementor-motion-effects-container > .elementor-motion-effects-layer::before{background-image:url(\"https:\/\/studiovainilla.com\/serviciosweb\/wp-content\/uploads\/2023\/11\/asset-017.png\");--background-overlay:'';background-position:center right;background-repeat:no-repeat;background-size:auto;}.elementor-1284 .elementor-element.elementor-element-28cf7c1{color:#000000;}.elementor-1284 .elementor-element.elementor-element-84219df{text-align:center;font-size:17px;color:#FFFFFF;}:root{--page-title-display:none;}body.elementor-page-1284{margin:0px 0px 0px 0px;padding:0px 0px 0px 0px;}@media(max-width:1366px){.elementor-1284 .elementor-element.elementor-element-20c0f14{--margin-top:50px;--margin-bottom:0px;--margin-left:0px;--margin-right:0px;}}@media(max-width:1024px){.elementor-1284 .elementor-element.elementor-element-20c0f14{--margin-top:0px;--margin-bottom:0px;--margin-left:0px;--margin-right:0px;--padding-top:3em;--padding-bottom:3em;--padding-left:0em;--padding-right:0em;}}@media(max-width:767px){.elementor-1284 .elementor-element.elementor-element-20c0f14::before, .elementor-1284 .elementor-element.elementor-element-20c0f14 > .elementor-background-video-container::before, .elementor-1284 .elementor-element.elementor-element-20c0f14 > .e-con-inner > .elementor-background-video-container::before, .elementor-1284 .elementor-element.elementor-element-20c0f14 > .elementor-background-slideshow::before, .elementor-1284 .elementor-element.elementor-element-20c0f14 > .e-con-inner > .elementor-background-slideshow::before, .elementor-1284 .elementor-element.elementor-element-20c0f14 > .elementor-motion-effects-container > .elementor-motion-effects-layer::before{background-position:bottom center;background-size:contain;}.elementor-1284 .elementor-element.elementor-element-20c0f14{--margin-top:-68px;--margin-bottom:0px;--margin-left:0px;--margin-right:0px;--padding-top:0em;--padding-bottom:0em;--padding-left:0em;--padding-right:0em;--z-index:0;}.elementor-1284 .elementor-element.elementor-element-28cf7c1 > .elementor-widget-container{margin:0px 0px 0px 0px;padding:0px 0px 0px 0px;}.elementor-1284 .elementor-element.elementor-element-84219df{font-size:18px;}}<\/style>\t\t<div data-elementor-type=\"wp-page\" data-elementor-id=\"1284\" class=\"elementor elementor-1284\" data-elementor-post-type=\"page\">\n\t\t\t\t<div class=\"elementor-element elementor-element-20c0f14 e-flex e-con-boxed e-con e-parent\" data-id=\"20c0f14\" data-element_type=\"container\" data-settings=\"{&quot;background_background&quot;:&quot;classic&quot;}\">\n\t\t\t\t\t<div class=\"e-con-inner\">\n\t\t\t\t<div class=\"elementor-element elementor-element-28cf7c1 elementor-widget elementor-widget-text-editor\" data-id=\"28cf7c1\" data-element_type=\"widget\" data-widget_type=\"text-editor.default\">\n\t\t\t\t<div class=\"elementor-widget-container\">\n\t\t\t\t\t\n    <div id=\"facturacion_wrapper\">\n    <div class=\"full-width\">\n    <div id=\"primary\" class=\"content-area\">\n    <div id=\"content\" class=\"site-content\" role=\"main\">\n    <div class=\"home_product\">\n    <div class=\"steps-container\"><div class=\"f-welcome-container\"><h1 class=\"f-page-title\">Billing<\/h1><p class=\"f-page-subtitle\">Cargando<\/p><\/div><!-- step one starts -->\n    <div id=\"step-one\" class=\"step-block\">\n    <div class=\"step-header\" style=\"background:#049f80;\">\n    <h1 style=\"color:#ffffff;\">\n    <span>Paso 1\/4<\/span>\n    Identificar pedido\n    <\/h1>\n    <\/div>\n    <div class=\"step-content\">\n    <p class=\"step-instruction\">Ingresa tu RFC, n&uacute;mero de pedido y correo electr&oacute;nico para buscar tu pedido.<\/p>\n    <form name=\"f-step-one-form\" id=\"f-step-one-form\" action=\"\/serviciosweb\/en\/\/?php%20echo%20get_permalink();%20?\" method=\"post\" data-trp-original-action=\"<?php echo get_permalink(); ?>\">\n    <input type=\"hidden\" name=\"csrf\" value=\"\" \/>\n    <label for=\"f-rfc\" >RFC<span class=\"requerido\">*<\/span><\/label>\n    <input type=\"text\" class=\"input-upper f-input\" id=\"f-rfc\" name=\"rfc\" value=\"\" placeholder=\"12 o 13 d\u00edgitos\" \/>\n    <label for=\"f-num-order\" >N&uacute;m de pedido<span class=\"requerido\">*<\/span><\/label>\n    <input type=\"text\" class=\"f-input\" id=\"f-num-order\" name=\"order\" value=\"\" placeholder=\"Sin signo  #\"  \/>\n    <label for=\"f-email\" >Correo electr&oacute;nico<span class=\"requerido\">*<\/span><\/label>\n    <input type=\"email\" class=\"f-input\" id=\"f-email\" name=\"email\" value=\"\" placeholder=\"El correo registrado en el pedido\"  \/>\n    <div class=\"buttons-right\">\n    <input type=\"submit\" class=\"f-submit\" id=\"step-one-button-next\" style=\"background:#049f80; color:#ffffff;\" name=\"f-submit\" value=\"Siguiente\" \/>\n    <\/div>\n    <div class=\"error_msj\"><\/div>\n    <div class=\"clearfix\"><\/div>\n    <input type=\"hidden\" name=\"trp-form-language\" value=\"en\"\/><\/form>\n    <\/div>\n    <div class=\"loader_content\">\n    <div class=\"loader\">Cargando...<\/div>\n    <\/div>\n    <div class=\"remodal\" data-remodal-id=\"respuesta-paso-uno\">\n    <button data-remodal-action=\"close\" class=\"remodal-close\"><\/button>\n    <h1 id=\"message-response-one\"> <\/h1>\n    <br>\n    <button data-remodal-action=\"confirm\" class=\"remodal-confirm\">Aceptar<\/button>\n    <\/div>\n    <\/div>\n    <!-- step one ends -->\n    <!-- step two starts -->\n    <div id=\"step-two\" class=\"step-block\">\n    <div class=\"step-header\" style=\"background:#049f80;\">\n    <h1 style=\"color:#ffffff;\">\n    <span>Paso 2\/4<\/span>\n    Datos de facturaci&oacute;n\n    <\/h1>\n    <\/div>\n    <div class=\"step-content\">\n    <p class=\"step-instruction\"><\/p>\n    <form name=\"f-step-two-form\" id=\"f-step-two-form\" action=\"\/serviciosweb\/en\/\/?php%20echo%20get_permalink();%20?\" method=\"post\" data-trp-original-action=\"<?php echo get_permalink(); ?>\">\n    <input type=\"hidden\" name=\"csrf\" value=\"\" \/>\n    <input type=\"hidden\" id=\"apimethod\" name=\"apimethod\" value=\"create\" \/>\n    <input type=\"hidden\" id=\"uid\" name=\"uid\" value=\"\" \/>\n    <h3>Datos de contacto<\/h3>\n    <div class=\"input-group\">\n    <label for=\"general-nombre\">Nombre<\/label>\n    <input type=\"text\" class=\"input-cap f-input f-top\" id=\"general-nombre\" name=\"general-nombre\" value=\"\" placeholder=\"Nombre\" readonly \/>\n    <\/div>\n    <div class=\"input-group\">\n    <label for=\"general-apellidos\">Apellidos<\/label>\n    <input type=\"text\" class=\"input-cap f-input f-top\" id=\"general-apellidos\" name=\"general-apellidos\" value=\"\" placeholder=\"Apellidos\" readonly \/>\n    <\/div>\n    <div class=\"input-group\">\n    <label for=\"general-email\">Correo electr&oacute;nico<\/label>\n    <input type=\"email\" class=\"f-input f-top\" id=\"general-email\" name=\"general-email\" value=\"\" placeholder=\"Email para env\u00edo de CFDI\" readonly \/>\n    <\/div>\n    <div class=\"input-group\">\n    <label for=\"fiscal-telefono\">Tel&eacute;fono<\/label>\n    <input type=\"text\" class=\"input-cap f-input f-no-top f-right f-bottom\" id=\"fiscal-telefono\" name=\"fiscal-telefono\" value=\"\" placeholder=\"10 digitos\" readonly \/>\n    <\/div>\n    <br>\n    <h3>Datos fiscales<\/h3>\n    <div class=\"input-group\">\n    <label for=\"fiscal-nombre\">Raz\u00f3n Social<\/label>\n    <input type=\"text\" class=\"input-cap f-input f-top\" id=\"fiscal-nombre\" name=\"fiscal-nombre\" value=\"\" placeholder=\"Raz\u00f3n social\" readonly \/>\n    <\/div>\n    <div class=\"input-group\">\n    <label for=\"fiscal-rfc\">RFC<\/label>\n    <input type=\"text\" class=\"input-upper f-input f-top\" id=\"fiscal-rfc\" name=\"fiscal-rfc\" value=\"\" placeholder=\"12 o 13 d\u00edgitos\" readonly \/>\n    <\/div>\n    <div class=\"input-group\">\n    <label for=\"fiscal-regimen\">R\u00e9gimen fiscal<\/label>\n    <select id=\"fiscal-regimen\" name=\"fiscal-regimen\" class=\"input-cap f-select-two f-top\" disabled>\n      <option value=\"\">Selecciona un r\u00e9gimen fiscal<\/option>\n      <option value=\"601\">General de Ley Personas Morales<\/option>\n      <option value=\"603\">Personas Morales con Fines no Lucrativos<\/option>\n      <option value=\"605\">Sueldos y Salarios e Ingresos Asimilados a Salarios<\/option>\n      <option value=\"606\">Arrendamiento<\/option>\n      <option value=\"607\">R\u00e9gimen de Enajenaci\u00f3n o Adquisici\u00f3n de Bienes<\/option>\n      <option value=\"608\">Dem\u00e1s ingresos<\/option>\n      <option value=\"610\">Residentes en el Extranjero sin Establecimiento Permanente en M\u00e9xico<\/option>\n      <option value=\"611\">Ingresos por Dividendos (socios y accionistas)<\/option>\n      <option value=\"612\">Personas F\u00edsicas con Actividades Empresariales y Profesionales<\/option>\n      <option value=\"614\">Ingresos por intereses<\/option>\n      <option value=\"615\">R\u00e9gimen de los ingresos por obtenci\u00f3n de premios<\/option>\n      <option value=\"616\">Sin obligaciones fiscales<\/option>\n      <option value=\"620\">Sociedades Cooperativas de Producci\u00f3n que optan por diferir sus ingresos<\/option>\n      <option value=\"621\">Incorporaci\u00f3n Fiscal<\/option>\n      <option value=\"622\">Actividades Agr\u00edcolas, Ganaderas, Silv\u00edcolas y Pesqueras<\/option>\n      <option value=\"623\">Opcional para Grupos de Sociedades<\/option>\n      <option value=\"624\">Coordinados<\/option>\n      <option value=\"625\">R\u00e9gimen de las Actividades Empresariales con ingresos a trav\u00e9s de Plataformas Tecnol\u00f3gicas<\/option>\n      <option value=\"626\">R\u00e9gimen Simplificado de Confianza<\/option>\n    <\/select>\n    <\/div>\n    <div class=\"input-group\">\n    <label for=\"fiscal-calle\">Calle<\/label>\n    <input type=\"text\" class=\"input-cap f-input f-no-top\" id=\"fiscal-calle\" name=\"fiscal-calle\" value=\"\" placeholder=\"Calle\" readonly \/>\n    <\/div>\n    <div class=\"input-group\">\n    <label for=\"fiscal-exterior\">N&uacute;mero exterior<\/label>\n    <input type=\"text\" class=\"input-cap f-input f-no-top\" id=\"fiscal-exterior\" name=\"fiscal-exterior\" value=\"\" placeholder=\"No. Exterior\" readonly \/>\n    <\/div>\n    <div class=\"input-group\" >\n    <label for=\"fiscal-interior\">N&uacute;mero interior<\/label>\n    <input type=\"text\" class=\"input-cap f-input\" id=\"fiscal-interior\" name=\"fiscal-interior\" value=\"\" placeholder=\"No. Interior\" readonly \/>\n    <\/div>\n    <div class=\"input-group\">\n    <label for=\"fiscal-colonia\">Colonia<\/label>\n    <input type=\"text\" class=\"input-cap f-input f-right\" id=\"fiscal-colonia\" name=\"fiscal-colonia\" value=\"\" placeholder=\"Colonia\" readonly \/>\n    <\/div>\n    <div class=\"input-group\">\n    <label for=\"fiscal-municipio\">Delegaci&oacute;n o Municipio<\/label>\n    <input type=\"text\" class=\"input-cap f-input f-no-top f-right\" id=\"fiscal-municipio\" name=\"fiscal-municipio\" value=\"\" placeholder=\"Municipio\" readonly \/>\n    <\/div>\n    <div class=\"input-group\">\n    <label for=\"fiscal-estado\">Estado<\/label>\n    <input type=\"text\" class=\"input-cap f-input\" id=\"fiscal-estado\" name=\"fiscal-estado\" value=\"\" placeholder=\"Estado\" readonly \/>\n    <\/div>\n    <div class=\"input-group\">\n    <label for=\"fiscal-pais\">Pa&iacute;s<\/label>\n    <input type=\"text\" class=\"input-cap f-input f-right\" id=\"fiscal-pais\" name=\"fiscal-pais\" value=\"M\u00e9xico\" placeholder=\"Pa\u00eds\" readonly \/>\n    <\/div>\n    <div class=\"input-group\">\n    <label for=\"fiscal-cp\">C&oacute;digo Postal<\/label>\n    <input type=\"text\" class=\"input-cap f-input f-no-top f-bottom\" id=\"fiscal-cp\" name=\"fiscal-cp\" value=\"\" placeholder=\"C\u00f3digo postal\" readonly \/>\n    <\/div>\n    <div class=\"input-group\">\n      <div class=\"error_msj\"><\/div>\n    <\/div>\n    <div class=\"clearfix\"><\/div>\n    <div class=\"buttons-right\">\n    <input type=\"button\" class=\"f-submit f-back\" id=\"step-two-button-back\" style=\"background:#049f80; color:#ffffff;\" name=\"f-back\" value=\"Volver\" data-f=\"2\" \/>\n    <input type=\"button\" class=\"f-submit f-edit\" id=\"step-two-button-edit\" style=\"background:#049f80; color:#ffffff;\" name=\"f-edit\" value=\"Editar\" data-b=\"1\" \/>\n    <input type=\"submit\" class=\"f-submit\" id=\"step-two-button-next\" style=\"background:#049f80; color:#ffffff;\" name=\"f-submit\" value=\"Siguiente\" \/>\n    <\/div>\n    <div class=\"f-loading\">Cargando...<\/div>\n    <div class=\"clearfix\"><\/div>\n    <input type=\"hidden\" name=\"trp-form-language\" value=\"en\"\/><\/form>\n    <\/div>\n    <div class=\"loader_content\">\n    <div class=\"loader\">Cargando...<\/div>\n    <\/div>\n    <div class=\"remodal\" data-remodal-id=\"respuesta-paso-dos\">\n    <button data-remodal-action=\"close\" class=\"remodal-close\"><\/button>\n    <h1 id=\"message-response-dos\"> <\/h1>\n    <br>\n    <button data-remodal-action=\"cancel\" class=\"remodal-confirm\">Aceptar<\/button>\n    <\/div>\n    <\/div>\n    <!-- step two ends -->\n    <!-- step three starts -->\n    <div id=\"step-three\" class=\"step-block step-invoice\">\n    <div class=\"step-header\" style=\"background:#049f80;\">\n    <h1 style=\"color:#ffffff;\">\n    <span>Paso 3\/4<\/span>\n    Verificar datos de pedido\n    <\/h1>\n    <\/div>\n    <div class=\"step-content\">\n    <h3 class=\"invoice-title\"> <span id=\"invoice-id\">3526321<\/span><\/h3>\n    <h3 class=\"invoice-title\"> <span id=\"invoice-date\">30\/06\/2015<\/span><\/h3>\n    <div class=\"invoice-sections\">\n\n    <div class=\"invoice-emisor\">\n    <h3 class=\"invoice-header\">Emisor<\/h3>\n    <span id=\"emisor-nombre\" class=\"ref-data\"><\/span>\n    <span id=\"emisor-rfc\" class=\"ref-data\"><\/span>\n    <span id=\"emisor-direccion\" class=\"ref-data\"><\/span>\n    <span id=\"emisor-direccion-zone\" class=\"ref-data\"><\/span>\n    <span id=\"emisor-direccion-zone-city\" class=\"ref-data\"><\/span>\n    <span id=\"emisor-telefono\" class=\"ref-data\"><\/span>\n    <span id=\"emisor-email\" class=\"ref-data\"><\/span>\n    <\/div>\n\n    <div class=\"invoice-receptor\">\n    <h3 class=\"invoice-header\">Receptor<\/h3>\n    <span id=\"receptor-nombre\" class=\"ref-data\"><\/span>\n    <span id=\"receptor-rfc\" class=\"ref-data\"><\/span>\n    <span id=\"receptor-regimen\" class=\"ref-data\"><\/span>\n    <span id=\"receptor-direccion\" class=\"ref-data\"><\/span>\n    <span id=\"receptor-direccion-zone\" class=\"ref-data\"><\/span>\n    <span id=\"receptor-direccion-zone-city\" class=\"ref-data\"><\/span>\n    <span id=\"receptor-email\" class=\"ref-data\"><\/span>\n    <\/div>\n\n    <div class=\"invoice-details\">\n    <h3 class=\"invoice-header\">Detalle del pedido<\/h3>\n    <table id=\"table-details\">\n    <thead>\n    <tr>\n    <td>Producto<\/td>\n    <td>Cantidad<\/td>\n    <td>Precio unitario<\/td>\n    <td>Total<\/td>\n    <\/tr>\n    <\/thead>\n    <tbody id=\"datails-body\">\n\n    <\/tbody>\n    <\/table>\n    <\/div>\n\n    <div class=\"invoice-payment\">\n    <h3 class=\"invoice-header\">Informaci&oacute;n de pago<\/h3>\n    Ingrese la informaci\u00f3n que se pide a continuaci&oacute;n:\n      <form id=\"payment-method-form\" action=\"\">\n      <!-- M\u00e9todo de pago -->\n      <div class=\"input-group\">\n      <label for=\"select-payment\">* Forma de pago<\/label>\n      <select id=\"select-payment\" class=\"input-cap f-input f-select\">\n      <option value=\"01\">01 - Efectivo<\/option>\n      <option value=\"02\">02 - Cheque nominativo<\/option>\n      <option value=\"03\">03 - Transferencia electr\u00f3nica de fondos<\/option>\n      <option value=\"04\">04 - Tarjeta de cr\u00e9dito<\/option>\n      <option value=\"05\">05 - Monedero Electr\u00f3nico<\/option>\n      <option value=\"06\">06 - Dinero electr\u00f3nico<\/option>\n      <option value=\"08\">08 - Vales de despensa<\/option>\n      <option value=\"12\">12 - Daci\u00f3n en pago<\/option>\n      <option value=\"13\">13 - Pago por subrogaci\u00f3n<\/option>\n      <option value=\"14\">14 - Pago por consignaci\u00f3n<\/option>\n      <option value=\"15\">15 - Condonaci\u00f3n<\/option>\n      <option value=\"17\">17 - Compensaci\u00f3n<\/option>\n      <option value=\"23\">23 - Novaci\u00f3n<\/option>\n      <option value=\"24\">24 - Confusi\u00f3n<\/option>\n      <option value=\"25\">25 - Remisi\u00f3n de deuda<\/option>\n      <option value=\"26\">26 - Prescripci\u00f3n o caducidad<\/option>\n      <option value=\"27\">27 - A satisfacci\u00f3n del acreedor<\/option>\n      <option value=\"28\">28 - Tarjeta de d\u00e9bito<\/option>\n      <option value=\"29\">29 - Tarjeta de servicios<\/option>\n      <option value=\"31\">31 - Intermediario de pagos<\/option>\n      <option value=\"99\">99 - Por definir<\/option>\n      <\/select>\n      <\/div>\n      <div class=\"clearfix\"><\/div>\n      <div id=\"num-cta-box\" class=\"input-group\">\n      <label for=\"f-num-cta\" style=\"width: 285px;\">&Uacute;ltimos 4 d\u00edgitos de tu cuenta o tarjeta<\/label>\n      <input type=\"text\" class=\"input-cap f-input f-no-top f-bottom f-digits\" id=\"f-num-cta\" name=\"f-num-cta\" value=\"\" placeholder=\"####\" min=\"4\" max=\"4\"\/>\n      <\/div>\n      <div class=\"clearfix\"><\/div>\n      <input type=\"hidden\" name=\"trp-form-language\" value=\"en\"\/><\/form>\n      <\/p>\n      <\/div>\n\n      <div>\n      <h3 class=\"invoice-header\">Uso CFDI<\/h3>\n      Selecciona el uso cfdi de factura\n      <form id=\"cfdi-use-form\" action=\"\">\n      <!-- M\u00e9todo de pago -->\n      <div class=\"input-group\">\n      <label for=\"cfdi-use\">* UsoCFDI<\/label>\n      <select id=\"cfdi-use\" class=\"input-cap f-input f-select\">\n      <option value=\"G01\">Adquisici\u00f3n de mercancias<\/option>\n      <option value=\"G02\">Devoluciones, descuentos o bonificaciones<\/option>\n      <option value=\"G03\">Gastos en general<\/option>\n      <option value=\"I01\">Construcciones<\/option>\n      <option value=\"I02\">Mobilario y equipo de oficina por inversiones<\/option>\n      <option value=\"I03\">Equipo de transporte<\/option>\n      <option value=\"I04\">Equipo de computo y accesorios<\/option>\n      <option value=\"I05\">Dados, troqueles, moldes, matrices y herramental<\/option>\n      <option value=\"I06\">Comunicaciones telef\u00f3nicas<\/option>\n      <option value=\"I07\">Comunicaciones satelitales<\/option>\n      <option value=\"I08\">Otra maquinaria y equipo<\/option>\n      <option value=\"D01\">Honorarios m\u00e9dicos, dentales y gastos hospitalarios<\/option>\n      <option value=\"D02\">Gastos m\u00e9dicos por incapacidad o discapacidad<\/option>\n      <option value=\"D03\">Gastos funerales<\/option>\n      <option value=\"D04\">Donativos<\/option>\n      <option value=\"D05\">Intereses reales efectivamente pagados por cr\u00e9ditos hipotecarios (casa habitaci\u00f3n)<\/option>\n      <option value=\"D06\">Aportaciones voluntarias al SAR<\/option>\n      <option value=\"D07\">Primas por seguros de gastos m\u00e9dicos<\/option>\n      <option value=\"D08\">Gastos de transportaci\u00f3n escolar obligatoria<\/option>\n      <option value=\"D09\">Dep\u00f3sitos en cuentas para el ahorro, primas que tengan como base planes de pensiones<\/option>\n      <option value=\"D10\">Pagos por servicios educativos (colegiaturas)<\/option>\n      <option value=\"S01\">Sin efectos fiscales<\/option>\n\n      <\/select>\n      <\/div>\n      <div class=\"clearfix\"><\/div>\n      <input type=\"hidden\" name=\"trp-form-language\" value=\"en\"\/><\/form>\n      <\/div>\n\n      <div class=\"invoice-totals\">\n      <table>\n      <tr>\n      <td>Subtotal<\/td>\n      <td><span id=\"invoice-subtotal\"><\/span><\/td>\n      <\/tr>\n      <tr id=\"td-discount\">\n      <td>Descuento<\/td>\n      <td><span id=\"invoice-discount\"><\/span><\/td>\n      <\/tr>\n      <tr id=\"tr-iva\">\n      <td>IVA<\/td>\n      <td><span id=\"invoice-iva\"><\/span><\/td>\n      <\/tr>\n      <tr>\n      <td>Total<\/td>\n      <td><span id=\"invoice-total\"><\/span><\/td>\n      <\/tr>\n      <\/table>\n      <\/div>\n      <div class=\"clearfix\"><\/div>\n      <p class=\"f-page-subtitle\">\n      Antes de generar la factura, por favor confirme que los datos est\u00e9n correctamente. <em>Ya que una vez emitida o generada la factura no podr\u00e1 realizar cambios a la misma<\/em>. Agradecemos su preferencia.\n      <\/p>\n      <div class=\"clearfix\"><\/div>\n      <div class=\"buttons-right\">\n      <input type=\"button\" class=\"f-submit f-back\" id=\"step-three-button-back\" name=\"f-back\" value=\"Volver\" data-f=\"3\" \/>\n      <input type=\"button\" class=\"f-submit f-back\" style=\"background:#049f80; color:#ffffff;\" id=\"step-three-button-next\" name=\"f-submit\" value=\"Generar factura\" \/>\n      <\/div>\n      <div class=\"clearfix\"><\/div>\n      <\/div>\n      <\/div>\n      <div class=\"loader_content\">\n      <div class=\"loader\">Cargando...<\/div>\n      <\/div>\n      <\/div>\n      <!-- step three ends -->\n      <!-- step four starts -->\n      <div id=\"step-four\" class=\"step-block step-invoice\">\n      <div class=\"step-header\" style=\"background:#049f80;\">\n      <h1 style=\"color:#ffffff;\">\n      <h1>\n      <span>Paso 4\/4<\/span>\n      Resultado de facturaci&oacute;n\n      <\/h1>\n      <\/div>\n      <div class=\"step-content\">\n      <div class=\"buttons_container\">\n      <h1 id=\"result-msg-title\">La factura ha sido creada y enviada con &eacute;xito.<\/h1>\n      <div class=\"clearfix\"><\/div>\n      <h4 id=\"result-email-msg\"><\/h4>\n      <h4 id=\"result-msg\"><\/h4>\n      <div class=\"invoice-success-screen\">\n        <a href=\"#\" id=\"btn-success-email\" class=\"btn-success invoice-button invoice-pdf\" target=\"_blank\">Enviar por correo electr&oacute;nico<\/a>\n        <button id=\"btn-success-pdf\" class=\"btn-success invoice-button invoice-pdf\" style=\"background:#049f80!important; color:#ffffff!important;\">Descargar PDF<\/button>\n        <button id=\"btn-success-xml\" class=\"btn-success invoice-button invoice-xml\" style=\"background:#049f80!important; color:#ffffff!important;\">Descargar XML<\/button>\n      <\/div>\n      <\/div>\n      <div id=\"out-message\">\n      <h3>Ya puedes cerrar &eacute;sta p&aacute;gina o <a href=\"https:\/\/studiovainilla.com\/serviciosweb\/en\/\">seguir navegando<\/a>.<\/h3>\n      <\/div>\n      <\/div>\n      <\/div>\n      <div id=\"out-message\">\n\n      <\/div>\n      <\/div>\n      <!-- step four ends -->\n\n      <\/div>\n      <\/div>\n      <\/div>\n      <\/div>\n      <\/div>\t\t\t\t<p style=\"text-align: center;\"><\/p>\t\t\t\t\t\t\t\t<\/div>\n\t\t\t\t<\/div>\n\t\t\t\t<div class=\"elementor-element elementor-element-84219df elementor-widget elementor-widget-text-editor\" data-id=\"84219df\" data-element_type=\"widget\" data-widget_type=\"text-editor.default\">\n\t\t\t\t<div class=\"elementor-widget-container\">\n\t\t\t\t\t\t\t\t\t<p style=\"text-align: center;\">Consulta nuestros <a href=\"https:\/\/studiovainilla.com\/serviciosweb\/en\/facturacion\/politica-de-facturacion\/\" target=\"_blank\" rel=\"noopener\">T\u00e9rminos y Pol\u00edtica de facturaci\u00f3n haciendo clic aqu\u00ed<\/a>.<\/p>\t\t\t\t\t\t\t\t<\/div>\n\t\t\t\t<\/div>\n\t\t\t\t\t<\/div>\n\t\t\t\t<\/div>\n\t\t\t\t<\/div>","protected":false},"excerpt":{"rendered":"<p>Consulta nuestros T\u00e9rminos y Pol\u00edtica de facturaci\u00f3n haciendo clic aqu\u00ed.<\/p>","protected":false},"author":18,"featured_media":0,"parent":0,"menu_order":0,"comment_status":"closed","ping_status":"closed","template":"elementor_header_footer","meta":{"_acf_changed":false,"footnotes":""},"class_list":["post-1284","page","type-page","status-publish","hentry"],"acf":[],"_links":{"self":[{"href":"https:\/\/studiovainilla.com\/serviciosweb\/en\/wp-json\/wp\/v2\/pages\/1284","targetHints":{"allow":["GET"]}}],"collection":[{"href":"https:\/\/studiovainilla.com\/serviciosweb\/en\/wp-json\/wp\/v2\/pages"}],"about":[{"href":"https:\/\/studiovainilla.com\/serviciosweb\/en\/wp-json\/wp\/v2\/types\/page"}],"author":[{"embeddable":true,"href":"https:\/\/studiovainilla.com\/serviciosweb\/en\/wp-json\/wp\/v2\/users\/18"}],"replies":[{"embeddable":true,"href":"https:\/\/studiovainilla.com\/serviciosweb\/en\/wp-json\/wp\/v2\/comments?post=1284"}],"version-history":[{"count":28,"href":"https:\/\/studiovainilla.com\/serviciosweb\/en\/wp-json\/wp\/v2\/pages\/1284\/revisions"}],"predecessor-version":[{"id":1383,"href":"https:\/\/studiovainilla.com\/serviciosweb\/en\/wp-json\/wp\/v2\/pages\/1284\/revisions\/1383"}],"wp:attachment":[{"href":"https:\/\/studiovainilla.com\/serviciosweb\/en\/wp-json\/wp\/v2\/media?parent=1284"}],"curies":[{"name":"wp","href":"https:\/\/api.w.org\/{rel}","templated":true}]}}