{"id":1237,"date":"2023-11-22T20:29:22","date_gmt":"2023-11-23T02:29:22","guid":{"rendered":"https:\/\/studiovainilla.com\/serviciosweb\/?page_id=1237"},"modified":"2023-12-22T09:47:46","modified_gmt":"2023-12-22T15:47:46","slug":"transferencia-de-dominio","status":"publish","type":"page","link":"https:\/\/studiovainilla.com\/serviciosweb\/en\/transferencia-de-dominio\/","title":{"rendered":"Domain transfeR"},"content":{"rendered":"<style>.elementor-1237 .elementor-element.elementor-element-5883ba4{--display:flex;--flex-direction:column;--container-widget-width:100%;--container-widget-height:initial;--container-widget-flex-grow:0;--container-widget-align-self:initial;--flex-wrap-mobile:wrap;}.elementor-1237 .elementor-element.elementor-element-6457f48{--spacer-size:108px;}.elementor-1237 .elementor-element.elementor-element-795a73e{--display:flex;--flex-direction:row;--container-widget-width:initial;--container-widget-height:100%;--container-widget-flex-grow:1;--container-widget-align-self:stretch;--flex-wrap-mobile:wrap;--gap:0px 0px;--row-gap:0px;--column-gap:0px;--overlay-opacity:0.46;--margin-top:0px;--margin-bottom:0px;--margin-left:0px;--margin-right:0px;--padding-top:25px;--padding-bottom:25px;--padding-left:0px;--padding-right:0px;}.elementor-1237 .elementor-element.elementor-element-795a73e:not(.elementor-motion-effects-element-type-background), .elementor-1237 .elementor-element.elementor-element-795a73e > .elementor-motion-effects-container > .elementor-motion-effects-layer{background-color:#FFFFFF;}.elementor-1237 .elementor-element.elementor-element-795a73e::before, .elementor-1237 .elementor-element.elementor-element-795a73e > .elementor-background-video-container::before, .elementor-1237 .elementor-element.elementor-element-795a73e > .e-con-inner > .elementor-background-video-container::before, .elementor-1237 .elementor-element.elementor-element-795a73e > .elementor-background-slideshow::before, .elementor-1237 .elementor-element.elementor-element-795a73e > .e-con-inner > .elementor-background-slideshow::before, .elementor-1237 .elementor-element.elementor-element-795a73e > .elementor-motion-effects-container > .elementor-motion-effects-layer::before{background-image:url(\"https:\/\/studiovainilla.com\/serviciosweb\/wp-content\/uploads\/2023\/11\/asset-019.png\");--background-overlay:'';background-repeat:no-repeat;background-size:auto;}.elementor-1237 .elementor-element.elementor-element-8660e4d{--display:flex;--flex-direction:column;--container-widget-width:100%;--container-widget-height:initial;--container-widget-flex-grow:0;--container-widget-align-self:initial;--flex-wrap-mobile:wrap;}.elementor-1237 .elementor-element.elementor-element-2fcc808{text-align:center;font-size:29px;font-weight:600;color:#01645B;}.elementor-1237 .elementor-element.elementor-element-8055d4a{text-align:center;font-size:17px;font-weight:400;line-height:20px;color:#01645B;}.elementor-1237 .elementor-element.elementor-element-d1dc8bb{--spacer-size:10px;}.elementor-1237 .elementor-element.elementor-element-e52f949{text-align:center;font-size:9px;font-weight:400;line-height:20px;color:#01645B;}.elementor-1237 .elementor-element.elementor-element-ca58d07 > .elementor-container > .elementor-column > .elementor-widget-wrap{align-content:center;align-items:center;}.elementor-1237 .elementor-element.elementor-element-ca58d07:not(.elementor-motion-effects-element-type-background), .elementor-1237 .elementor-element.elementor-element-ca58d07 > .elementor-motion-effects-container > .elementor-motion-effects-layer{background-color:#01645B;}.elementor-1237 .elementor-element.elementor-element-ca58d07 > .elementor-container{max-width:1280px;}.elementor-1237 .elementor-element.elementor-element-ca58d07{transition:background 0.3s, border 0.3s, border-radius 0.3s, box-shadow 0.3s;margin-top:0px;margin-bottom:0px;padding:0px 0px 0px 0px;}.elementor-1237 .elementor-element.elementor-element-ca58d07 > .elementor-background-overlay{transition:background 0.3s, border-radius 0.3s, opacity 0.3s;}.elementor-bc-flex-widget .elementor-1237 .elementor-element.elementor-element-7358a38.elementor-column .elementor-widget-wrap{align-items:center;}.elementor-1237 .elementor-element.elementor-element-7358a38.elementor-column.elementor-element[data-element_type=\"column\"] > .elementor-widget-wrap.elementor-element-populated{align-content:center;align-items:center;}.elementor-1237 .elementor-element.elementor-element-7358a38.elementor-column > .elementor-widget-wrap{justify-content:center;}.elementor-bc-flex-widget .elementor-1237 .elementor-element.elementor-element-e3e196b.elementor-column .elementor-widget-wrap{align-items:center;}.elementor-1237 .elementor-element.elementor-element-e3e196b.elementor-column.elementor-element[data-element_type=\"column\"] > .elementor-widget-wrap.elementor-element-populated{align-content:center;align-items:center;}.elementor-1237 .elementor-element.elementor-element-e3e196b.elementor-column > .elementor-widget-wrap{justify-content:center;}.elementor-1237 .elementor-element.elementor-element-1521bd0{text-align:center;color:#FFFFFF;}.elementor-bc-flex-widget .elementor-1237 .elementor-element.elementor-element-fedc681.elementor-column .elementor-widget-wrap{align-items:center;}.elementor-1237 .elementor-element.elementor-element-fedc681.elementor-column.elementor-element[data-element_type=\"column\"] > .elementor-widget-wrap.elementor-element-populated{align-content:center;align-items:center;}.elementor-1237 .elementor-element.elementor-element-fedc681.elementor-column > .elementor-widget-wrap{justify-content:center;}html{height:100vh;margin:0;overflow:hidden;}body{height:100vh;overflow:auto;scroll-snap-type:y mandatory;}.elementor-section:not(.elementor-inner-section), .elementor-location-header, .elementor-location-footer, .page-header, .site-header, .elementor-add-section, .e-con:not(.e-child){scroll-snap-align:start;scroll-snap-stop:normal;}@media(min-width:768px){.elementor-1237 .elementor-element.elementor-element-795a73e{--content-width:827px;}.elementor-1237 .elementor-element.elementor-element-8660e4d{--width:100%;}.elementor-1237 .elementor-element.elementor-element-7358a38{width:33%;}.elementor-1237 .elementor-element.elementor-element-e3e196b{width:33.333%;}.elementor-1237 .elementor-element.elementor-element-fedc681{width:33%;}}@media(max-width:1366px){.elementor-section:not(.elementor-inner-section), .elementor-location-header, .elementor-location-footer, .page-header, .site-header, .elementor-add-section, .e-con:not(.e-child){scroll-snap-align:start;scroll-snap-stop:normal;}}@media(max-width:1024px){.elementor-section:not(.elementor-inner-section), .elementor-location-header, .elementor-location-footer, .page-header, .site-header, .elementor-add-section, .e-con:not(.e-child){scroll-snap-align:start;scroll-snap-stop:normal;}}@media(max-width:767px){.elementor-1237 .elementor-element.elementor-element-6457f48{--spacer-size:68px;}.elementor-1237 .elementor-element.elementor-element-2fcc808{font-size:23px;}.elementor-section:not(.elementor-inner-section), .elementor-location-header, .elementor-location-footer, .page-header, .site-header, .elementor-add-section, .e-con:not(.e-child){scroll-snap-align:start;scroll-snap-stop:normal;}}<\/style>\t\t<div data-elementor-type=\"wp-page\" data-elementor-id=\"1237\" class=\"elementor elementor-1237\" data-elementor-settings=\"{&quot;scroll_snap&quot;:&quot;yes&quot;}\" data-elementor-post-type=\"page\">\n\t\t\t\t<div class=\"elementor-element elementor-element-5883ba4 e-flex e-con-boxed e-con e-parent\" data-id=\"5883ba4\" data-element_type=\"container\">\n\t\t\t\t\t<div class=\"e-con-inner\">\n\t\t\t\t<div class=\"elementor-element elementor-element-6457f48 elementor-widget elementor-widget-spacer\" data-id=\"6457f48\" data-element_type=\"widget\" data-widget_type=\"spacer.default\">\n\t\t\t\t<div class=\"elementor-widget-container\">\n\t\t\t\t\t\t\t<div class=\"elementor-spacer\">\n\t\t\t<div class=\"elementor-spacer-inner\"><\/div>\n\t\t<\/div>\n\t\t\t\t\t\t<\/div>\n\t\t\t\t<\/div>\n\t\t\t\t\t<\/div>\n\t\t\t\t<\/div>\n\t\t<div class=\"elementor-element elementor-element-795a73e e-flex e-con-boxed e-con e-parent\" data-id=\"795a73e\" data-element_type=\"container\" data-settings=\"{&quot;background_background&quot;:&quot;classic&quot;}\">\n\t\t\t\t\t<div class=\"e-con-inner\">\n\t\t<div class=\"elementor-element elementor-element-8660e4d e-con-full e-flex e-con e-child\" data-id=\"8660e4d\" data-element_type=\"container\">\n\t\t\t\t<div class=\"elementor-element elementor-element-2fcc808 elementor-widget elementor-widget-text-editor\" data-id=\"2fcc808\" data-element_type=\"widget\" data-widget_type=\"text-editor.default\">\n\t\t\t\t<div class=\"elementor-widget-container\">\n\t\t\t\t\t\t\t\t\tDomain Transfer\t\t\t\t\t\t\t\t<\/div>\n\t\t\t\t<\/div>\n\t\t\t\t<div class=\"elementor-element elementor-element-8055d4a elementor-widget elementor-widget-text-editor\" data-id=\"8055d4a\" data-element_type=\"widget\" data-widget_type=\"text-editor.default\">\n\t\t\t\t<div class=\"elementor-widget-container\">\n\t\t\t\t\t\t\t\t\t<p>Transfer your domain and extend its validity for 1 more year*<\/p>\t\t\t\t\t\t\t\t<\/div>\n\t\t\t\t<\/div>\n\t\t\t\t<div class=\"elementor-element elementor-element-4a137dd elementor-widget elementor-widget-shortcode\" data-id=\"4a137dd\" data-element_type=\"widget\" data-widget_type=\"shortcode.default\">\n\t\t\t\t<div class=\"elementor-widget-container\">\n\t\t\t\t\t\t\t<div class=\"elementor-shortcode\">[NEXForms id=\"4\"]<\/div>\n\t\t\t\t\t\t<\/div>\n\t\t\t\t<\/div>\n\t\t\t\t<div class=\"elementor-element elementor-element-d1dc8bb elementor-widget elementor-widget-spacer\" data-id=\"d1dc8bb\" data-element_type=\"widget\" data-widget_type=\"spacer.default\">\n\t\t\t\t<div class=\"elementor-widget-container\">\n\t\t\t\t\t\t\t<div class=\"elementor-spacer\">\n\t\t\t<div class=\"elementor-spacer-inner\"><\/div>\n\t\t<\/div>\n\t\t\t\t\t\t<\/div>\n\t\t\t\t<\/div>\n\t\t\t\t<div class=\"elementor-element elementor-element-e52f949 elementor-widget elementor-widget-text-editor\" data-id=\"e52f949\" data-element_type=\"widget\" data-widget_type=\"text-editor.default\">\n\t\t\t\t<div class=\"elementor-widget-container\">\n\t\t\t\t\t\t\t\t\t<p>*Certain TLDs and recently renewed domains are excluded.<\/p>\t\t\t\t\t\t\t\t<\/div>\n\t\t\t\t<\/div>\n\t\t\t\t<\/div>\n\t\t\t\t\t<\/div>\n\t\t\t\t<\/div>\n\t\t\t\t<\/div>","protected":false},"excerpt":{"rendered":"<p>Transferencia de Dominios Transfiere tu dominio y extiende su vigencia 1 a\u00f1o m\u00e1s* [NEXForms id=&#8221;4&#8243;] *Se excluyen ciertos TLDs y dominios recientemente renovados. IP de conexi\u00f3n:<\/p>","protected":false},"author":18,"featured_media":0,"parent":0,"menu_order":0,"comment_status":"closed","ping_status":"closed","template":"elementor_header_footer","meta":{"_acf_changed":false,"footnotes":""},"class_list":["post-1237","page","type-page","status-publish","hentry"],"acf":[],"_links":{"self":[{"href":"https:\/\/studiovainilla.com\/serviciosweb\/en\/wp-json\/wp\/v2\/pages\/1237","targetHints":{"allow":["GET"]}}],"collection":[{"href":"https:\/\/studiovainilla.com\/serviciosweb\/en\/wp-json\/wp\/v2\/pages"}],"about":[{"href":"https:\/\/studiovainilla.com\/serviciosweb\/en\/wp-json\/wp\/v2\/types\/page"}],"author":[{"embeddable":true,"href":"https:\/\/studiovainilla.com\/serviciosweb\/en\/wp-json\/wp\/v2\/users\/18"}],"replies":[{"embeddable":true,"href":"https:\/\/studiovainilla.com\/serviciosweb\/en\/wp-json\/wp\/v2\/comments?post=1237"}],"version-history":[{"count":16,"href":"https:\/\/studiovainilla.com\/serviciosweb\/en\/wp-json\/wp\/v2\/pages\/1237\/revisions"}],"predecessor-version":[{"id":1694,"href":"https:\/\/studiovainilla.com\/serviciosweb\/en\/wp-json\/wp\/v2\/pages\/1237\/revisions\/1694"}],"wp:attachment":[{"href":"https:\/\/studiovainilla.com\/serviciosweb\/en\/wp-json\/wp\/v2\/media?parent=1237"}],"curies":[{"name":"wp","href":"https:\/\/api.w.org\/{rel}","templated":true}]}}