{"id":9780,"date":"2020-11-28T21:24:14","date_gmt":"2020-11-28T21:24:14","guid":{"rendered":"https:\/\/studiovainilla.com\/finalizar-compra\/"},"modified":"2020-11-28T21:24:14","modified_gmt":"2020-11-28T21:24:14","slug":"finalizar-compra","status":"publish","type":"page","link":"https:\/\/studiovainilla.com\/en\/finalizar-compra\/","title":{"rendered":"Finalizar compra"},"content":{"rendered":"<p>[woocommerce_checkout]<\/p>","protected":false},"excerpt":{"rendered":"","protected":false},"author":2,"featured_media":0,"parent":0,"menu_order":0,"comment_status":"closed","ping_status":"closed","template":"","meta":{"_acf_changed":false,"footnotes":""},"class_list":["post-9780","page","type-page","status-publish","hentry"],"acf":[],"yoast_head":"<!-- This site is optimized with the Yoast SEO Premium plugin v21.8 (Yoast SEO v21.8) - https:\/\/yoast.com\/wordpress\/plugins\/seo\/ -->\n<title>Finalizar compra - StudioVainilla<\/title>\n<meta name=\"robots\" content=\"index, follow, max-snippet:-1, max-image-preview:large, max-video-preview:-1\" \/>\n<link rel=\"canonical\" href=\"https:\/\/studiovainilla.com\/en\/finalizar-compra\/\" \/>\n<meta property=\"og:locale\" content=\"en_US\" \/>\n<meta property=\"og:type\" content=\"article\" \/>\n<meta property=\"og:title\" content=\"Finalizar compra\" \/>\n<meta property=\"og:url\" content=\"https:\/\/studiovainilla.com\/en\/finalizar-compra\/\" \/>\n<meta property=\"og:site_name\" content=\"StudioVainilla\" \/>\n<meta name=\"twitter:card\" content=\"summary_large_image\" \/>\n<script type=\"application\/ld+json\" class=\"yoast-schema-graph\">{\"@context\":\"https:\/\/schema.org\",\"@graph\":[{\"@type\":\"WebPage\",\"@id\":\"https:\/\/studiovainilla.com\/finalizar-compra\/\",\"url\":\"https:\/\/studiovainilla.com\/finalizar-compra\/\",\"name\":\"Finalizar compra - StudioVainilla\",\"isPartOf\":{\"@id\":\"https:\/\/studiovainilla.com\/en\/#website\"},\"datePublished\":\"2020-11-28T21:24:14+00:00\",\"dateModified\":\"2020-11-28T21:24:14+00:00\",\"breadcrumb\":{\"@id\":\"https:\/\/studiovainilla.com\/finalizar-compra\/#breadcrumb\"},\"inLanguage\":\"en-US\",\"potentialAction\":[{\"@type\":\"ReadAction\",\"target\":[\"https:\/\/studiovainilla.com\/finalizar-compra\/\"]}]},{\"@type\":\"BreadcrumbList\",\"@id\":\"https:\/\/studiovainilla.com\/finalizar-compra\/#breadcrumb\",\"itemListElement\":[{\"@type\":\"ListItem\",\"position\":1,\"name\":\"Portada\",\"item\":\"https:\/\/studiovainilla.com\/\"},{\"@type\":\"ListItem\",\"position\":2,\"name\":\"Finalizar compra\"}]},{\"@type\":\"WebSite\",\"@id\":\"https:\/\/studiovainilla.com\/en\/#website\",\"url\":\"https:\/\/studiovainilla.com\/en\/\",\"name\":\"StudioVainilla\",\"description\":\"Marketing, Publicidad y Web\",\"potentialAction\":[{\"@type\":\"SearchAction\",\"target\":{\"@type\":\"EntryPoint\",\"urlTemplate\":\"https:\/\/studiovainilla.com\/en\/?s={search_term_string}\"},\"query-input\":\"required name=search_term_string\"}],\"inLanguage\":\"en-US\"}]}<\/script>\n<!-- \/ Yoast SEO Premium plugin. -->","yoast_head_json":{"title":"Finalizar compra - StudioVainilla","robots":{"index":"index","follow":"follow","max-snippet":"max-snippet:-1","max-image-preview":"max-image-preview:large","max-video-preview":"max-video-preview:-1"},"canonical":"https:\/\/studiovainilla.com\/en\/finalizar-compra\/","og_locale":"en_US","og_type":"article","og_title":"Finalizar compra","og_url":"https:\/\/studiovainilla.com\/en\/finalizar-compra\/","og_site_name":"StudioVainilla","twitter_card":"summary_large_image","schema":{"@context":"https:\/\/schema.org","@graph":[{"@type":"WebPage","@id":"https:\/\/studiovainilla.com\/finalizar-compra\/","url":"https:\/\/studiovainilla.com\/finalizar-compra\/","name":"Finalizar compra - StudioVainilla","isPartOf":{"@id":"https:\/\/studiovainilla.com\/en\/#website"},"datePublished":"2020-11-28T21:24:14+00:00","dateModified":"2020-11-28T21:24:14+00:00","breadcrumb":{"@id":"https:\/\/studiovainilla.com\/finalizar-compra\/#breadcrumb"},"inLanguage":"en-US","potentialAction":[{"@type":"ReadAction","target":["https:\/\/studiovainilla.com\/finalizar-compra\/"]}]},{"@type":"BreadcrumbList","@id":"https:\/\/studiovainilla.com\/finalizar-compra\/#breadcrumb","itemListElement":[{"@type":"ListItem","position":1,"name":"Portada","item":"https:\/\/studiovainilla.com\/"},{"@type":"ListItem","position":2,"name":"Finalizar compra"}]},{"@type":"WebSite","@id":"https:\/\/studiovainilla.com\/en\/#website","url":"https:\/\/studiovainilla.com\/en\/","name":"StudioVainilla","description":"Marketing, Publicidad y Web","potentialAction":[{"@type":"SearchAction","target":{"@type":"EntryPoint","urlTemplate":"https:\/\/studiovainilla.com\/en\/?s={search_term_string}"},"query-input":"required name=search_term_string"}],"inLanguage":"en-US"}]}},"jetpack_sharing_enabled":true,"jetpack-related-posts":[{"id":1824,"url":"https:\/\/studiovainilla.com\/en\/desarrolloweb\/vende\/","url_meta":{"origin":9780,"position":0},"title":"Tienda en l\u00ednea","author":"","date":"February 15, 2019","format":false,"excerpt":"","rel":"","context":"Similar post","block_context":{"text":"Similar post","link":""},"img":{"alt_text":"AI Chatbot Concept StudioVainilla Ecommcerce Tienda en l\u00ednea","src":"https:\/\/i0.wp.com\/studiovainilla.com\/wp-content\/uploads\/2023\/07\/AI-Chatbot-Concept-Illustration.png?resize=350%2C200&ssl=1","width":350,"height":200,"srcset":"https:\/\/i0.wp.com\/studiovainilla.com\/wp-content\/uploads\/2023\/07\/AI-Chatbot-Concept-Illustration.png?resize=350%2C200&ssl=1 1x, https:\/\/i0.wp.com\/studiovainilla.com\/wp-content\/uploads\/2023\/07\/AI-Chatbot-Concept-Illustration.png?resize=525%2C300&ssl=1 1.5x, https:\/\/i0.wp.com\/studiovainilla.com\/wp-content\/uploads\/2023\/07\/AI-Chatbot-Concept-Illustration.png?resize=700%2C400&ssl=1 2x, https:\/\/i0.wp.com\/studiovainilla.com\/wp-content\/uploads\/2023\/07\/AI-Chatbot-Concept-Illustration.png?resize=1050%2C600&ssl=1 3x, https:\/\/i0.wp.com\/studiovainilla.com\/wp-content\/uploads\/2023\/07\/AI-Chatbot-Concept-Illustration.png?resize=1400%2C800&ssl=1 4x"},"classes":[]},{"id":11315,"url":"https:\/\/studiovainilla.com\/en\/seo\/","url_meta":{"origin":9780,"position":1},"title":"Servicio SEO | Posicionamiento Web","author":"StudioVainilla","date":"July 21, 2023","format":false,"excerpt":"Cada clic es una oportunidad y cada b\u00fasqueda, una venta., llamada., posibilidad. Mejora tu reputaci\u00f3n y autoridad en Google. Comienza hoy mismo Agenda una Asesoria Gratis Posicionemos tu empresa, 1er resultados de b\u00fasqueda, Desata el potencial hoy \u00a1Atrae m\u00e1s clientes y posiciona tu negocio en la cima de Google con\u2026","rel":"","context":"Similar post","block_context":{"text":"Similar post","link":""},"img":{"alt_text":"","src":"","width":0,"height":0},"classes":[]}],"_links":{"self":[{"href":"https:\/\/studiovainilla.com\/en\/wp-json\/wp\/v2\/pages\/9780","targetHints":{"allow":["GET"]}}],"collection":[{"href":"https:\/\/studiovainilla.com\/en\/wp-json\/wp\/v2\/pages"}],"about":[{"href":"https:\/\/studiovainilla.com\/en\/wp-json\/wp\/v2\/types\/page"}],"author":[{"embeddable":true,"href":"https:\/\/studiovainilla.com\/en\/wp-json\/wp\/v2\/users\/2"}],"replies":[{"embeddable":true,"href":"https:\/\/studiovainilla.com\/en\/wp-json\/wp\/v2\/comments?post=9780"}],"version-history":[{"count":0,"href":"https:\/\/studiovainilla.com\/en\/wp-json\/wp\/v2\/pages\/9780\/revisions"}],"wp:attachment":[{"href":"https:\/\/studiovainilla.com\/en\/wp-json\/wp\/v2\/media?parent=9780"}],"curies":[{"name":"wp","href":"https:\/\/api.w.org\/{rel}","templated":true}]}}