{"id":13008,"date":"2026-04-13T12:24:02","date_gmt":"2026-04-13T18:24:02","guid":{"rendered":"https:\/\/studiovainilla.com\/?page_id=13008"},"modified":"2026-04-13T12:41:30","modified_gmt":"2026-04-13T18:41:30","slug":"camp","status":"publish","type":"page","link":"https:\/\/studiovainilla.com\/en\/camp\/","title":{"rendered":"Camp"},"content":{"rendered":"<div data-elementor-type=\"wp-page\" data-elementor-id=\"13008\" class=\"elementor elementor-13008\" data-elementor-post-type=\"page\">\n\t\t\t\t\t\t\t<div class=\"elementor-element elementor-element-8704e56 e-con-full e-flex e-con e-parent\" data-id=\"8704e56\" data-element_type=\"container\" data-settings=\"{&quot;content_width&quot;:&quot;full&quot;,&quot;container_type&quot;:&quot;flex&quot;}\" data-core-v316-plus=\"true\">\n\t\t\t\t<div class=\"elementor-element elementor-element-0b8eaba de_scroll_animation_no elementor-widget elementor-widget-html\" data-id=\"0b8eaba\" data-element_type=\"widget\" data-widget_type=\"html.default\">\n\t\t\t\t<div class=\"elementor-widget-container\">\n\t\t\t<section class=\"vainilla-camp-page\">\n  <div class=\"vc-bg-shape vc-shape-1\"><\/div>\n  <div class=\"vc-bg-shape vc-shape-2\"><\/div>\n\n  <div class=\"vc-container\">\n    <!-- HERO -->\n    <section class=\"vc-hero\">\n      <div class=\"vc-badge\">StudioVainilla presenta<\/div>\n      <h1>VainillaCamp<\/h1>\n      <p class=\"vc-subtitle\">\n        El proceso de selecci\u00f3n presencial donde identificamos a los perfiles\n        con mayor potencial en dise\u00f1o, criterio visual, pensamiento estrat\u00e9gico\n        y ejecuci\u00f3n creativa para integrarse al equipo de StudioVainilla.\n      <\/p>\n\n      <div class=\"vc-hero-info\">\n        <div class=\"vc-info-card\">\n          <span class=\"vc-info-label\">Fecha<\/span>\n          <strong>S\u00e1bado 18 de abril<\/strong>\n        <\/div>\n        <div class=\"vc-info-card\">\n          <span class=\"vc-info-label\">Horario<\/span>\n          <strong>09:00 a 16:00 hrs<\/strong>\n        <\/div>\n        <div class=\"vc-info-card\">\n          <span class=\"vc-info-label\">Cierre de registro<\/span>\n          <strong>Mi\u00e9rcoles 15 de abril \u00b7 14:00 hrs<\/strong>\n        <\/div>\n      <\/div>\n\n      <div class=\"vc-cta-row\">\n        <a href=\"https:\/\/forms.monday.com\/forms\/efa8d170cbdeb073adb5c9d67a81d339?r=use1\" class=\"vc-btn vc-btn-primary\">Registrar asistencia<\/a>\n        <a href=\"#actividades\" class=\"vc-btn vc-btn-secondary\">Ver actividades<\/a>\n      <\/div>\n    <\/section>\n\n    <!-- INTRO -->\n    <section class=\"vc-section vc-section-intro\">\n      <div class=\"vc-grid vc-grid-2\">\n        <div class=\"vc-card\">\n          <h2>\u00bfQu\u00e9 es VainillaCamp?<\/h2>\n          <p>\n            VainillaCamp es una jornada intensiva de selecci\u00f3n dise\u00f1ada por\n            StudioVainilla para evaluar, de forma pr\u00e1ctica, a los postulantes\n            con mayor proyecci\u00f3n en el campo del dise\u00f1o gr\u00e1fico y la creatividad estrat\u00e9gica.\n          <\/p>\n          <p>\n            Aqu\u00ed no evaluamos \u00fanicamente portafolios: evaluamos criterio,\n            capacidad de an\u00e1lisis, ejecuci\u00f3n visual, reacci\u00f3n al brief y potencial\n            real para trabajar en un entorno profesional.\n          <\/p>\n        <\/div>\n\n        <div class=\"vc-card vc-card-highlight\">\n          <h2>Importante<\/h2>\n          <ul class=\"vc-list\">\n            <li>El registro previo es obligatorio.<\/li>\n            <li>Si no te registras antes del cierre, no podr\u00e1s asistir.<\/li>\n            <li>Si te registras y no acudes, quedar\u00e1s fuera del proceso.<\/li>\n            <li>Solo quienes completen esta etapa podr\u00e1n ser considerados para la vacante.<\/li>\n          <\/ul>\n        <\/div>\n      <\/div>\n    <\/section>\n\n    <!-- ACTIVIDADES -->\n    <section class=\"vc-section\" id=\"actividades\">\n      <div class=\"vc-section-head\">\n        <span class=\"vc-kicker\">Evaluaci\u00f3n<\/span>\n        <h2>Las 4 actividades clave de VainillaCamp<\/h2>\n        <p>\n          Durante la jornada pondr\u00e1s en pr\u00e1ctica distintas habilidades para que\n          podamos valorar tu potencial dentro del equipo de StudioVainilla.\n        <\/p>\n      <\/div>\n\n      <div class=\"vc-circuits\">\n        <article class=\"vc-circuit-card\">\n          <div class=\"vc-circuit-number\">01<\/div>\n          <h3>Dise\u00f1o & Ejecuci\u00f3n<\/h3>\n          <p>\n            Recibir\u00e1s un brief, lineamientos visuales e indicaciones concretas\n            para desarrollar una pieza gr\u00e1fica y demostrar tu capacidad de\n            ejecuci\u00f3n, orden visual y resoluci\u00f3n.\n          <\/p>\n        <\/article>\n\n        <article class=\"vc-circuit-card\">\n          <div class=\"vc-circuit-number\">02<\/div>\n          <h3>Estrategia de Marketing<\/h3>\n          <p>\n            Deber\u00e1s construir el mensaje, definir enfoque, copy in, copy out\n            e idea creativa para una propuesta de comunicaci\u00f3n con sentido estrat\u00e9gico.\n          <\/p>\n        <\/article>\n\n        <article class=\"vc-circuit-card\">\n          <div class=\"vc-circuit-number\">03<\/div>\n          <h3>Concepci\u00f3n Visual & Semi\u00f3tica<\/h3>\n          <p>\n            Analizar\u00e1s piezas visuales para detectar intenci\u00f3n, c\u00f3digos,\n            est\u00e9tica, coherencia y profundidad conceptual en la comunicaci\u00f3n.\n          <\/p>\n        <\/article>\n\n        <article class=\"vc-circuit-card\">\n          <div class=\"vc-circuit-number\">04<\/div>\n          <h3>Foto, Video & Potencial Creativo<\/h3>\n          <p>\n            Pondr\u00e1s a prueba tu ojo visual, narrativa, sensibilidad est\u00e9tica y\n            capacidad de producir contenido audiovisual con intenci\u00f3n.\n          <\/p>\n        <\/article>\n      <\/div>\n    <\/section>\n\n    <!-- PERFIL -->\n    <section class=\"vc-section\">\n      <div class=\"vc-section-head\">\n        <span class=\"vc-kicker\">Perfil buscado<\/span>\n        <h2>\u00bfQu\u00e9 estamos buscando?<\/h2>\n      <\/div>\n\n      <div class=\"vc-grid vc-grid-3\">\n        <div class=\"vc-mini-card\">\n          <h3>Dise\u00f1adores con criterio<\/h3>\n          <p>\n            No buscamos solo ejecuci\u00f3n t\u00e9cnica. Buscamos personas que entiendan\n            por qu\u00e9 dise\u00f1an, qu\u00e9 comunican y c\u00f3mo lo hacen.\n          <\/p>\n        <\/div>\n        <div class=\"vc-mini-card\">\n          <h3>Visi\u00f3n estrat\u00e9gica<\/h3>\n          <p>\n            Queremos perfiles que comprendan que el marketing y el dise\u00f1o deben\n            responder a objetivos, narrativa y valor de marca.\n          <\/p>\n        <\/div>\n        <div class=\"vc-mini-card\">\n          <h3>Potencial real<\/h3>\n          <p>\n            Valoramos tanto el dominio actual como la capacidad de aprender,\n            adaptarse y crecer dentro de un entorno profesional exigente.\n          <\/p>\n        <\/div>\n      <\/div>\n    <\/section>\n\n    <!-- REGLAS -->\n    <section class=\"vc-section vc-rules-section\">\n      <div class=\"vc-section-head\">\n        <span class=\"vc-kicker\">Condiciones<\/span>\n        <h2>Reglas de participaci\u00f3n<\/h2>\n      <\/div>\n\n      <div class=\"vc-rules-wrap\">\n        <div class=\"vc-rule-item\">\n          <strong>Registro obligatorio<\/strong>\n          <p>\n            Debes registrar tu asistencia antes del mi\u00e9rcoles 15 de abril a las\n            14:00 hrs (hora local de Chihuahua, Chihuahua).\n          <\/p>\n        <\/div>\n\n        <div class=\"vc-rule-item\">\n          <strong>Sin registro no hay acceso<\/strong>\n          <p>\n            Si no completas tu registro dentro del plazo indicado, no podr\u00e1s\n            asistir ni formar parte del proceso de selecci\u00f3n.\n          <\/p>\n        <\/div>\n\n        <div class=\"vc-rule-item\">\n          <strong>Inasistencia = descalificaci\u00f3n<\/strong>\n          <p>\n            Si te registras y no te presentas, perder\u00e1s toda oportunidad de\n            continuar con StudioVainilla en esta convocatoria.\n          <\/p>\n        <\/div>\n      <\/div>\n    <\/section>\n\n\n\n    <!-- CIERRE -->\n    <section class=\"vc-section vc-final-cta\">\n      <div class=\"vc-final-box\">\n        <h2>StudioVainilla<\/h2>\n        <p>\n          Business Intelligence, Marketing & Digital Systems\n        <\/p>\n        <p class=\"vc-final-text\">\n          VainillaCamp es una experiencia de selecci\u00f3n dise\u00f1ada para identificar\n          a quienes realmente tienen el criterio, la visi\u00f3n y el potencial para\n          construir dentro de StudioVainilla.\n        <\/p>\n        <a href=\"https:\/\/forms.monday.com\/forms\/efa8d170cbdeb073adb5c9d67a81d339?r=use1\" class=\"vc-btn vc-btn-primary\">Quiero registrarme<\/a>\n      <\/div>\n    <\/section>\n  <\/div>\n<\/section>\t\t<\/div>\n\t\t\t\t<\/div>\n\t\t\t\t<\/div>\n\t\t<div class=\"elementor-element elementor-element-96bd624 e-flex e-con-boxed e-con e-parent\" data-id=\"96bd624\" data-element_type=\"container\" data-settings=\"{&quot;container_type&quot;:&quot;flex&quot;,&quot;content_width&quot;:&quot;boxed&quot;}\" data-core-v316-plus=\"true\">\n\t\t\t\t\t<div class=\"e-con-inner\">\n\t\t\t\t<div class=\"elementor-element elementor-element-f986dab de_scroll_animation_no elementor-widget elementor-widget-html\" data-id=\"f986dab\" data-element_type=\"widget\" data-widget_type=\"html.default\">\n\t\t\t\t<div class=\"elementor-widget-container\">\n\t\t\t<script>\ndocument.addEventListener(\"DOMContentLoaded\", function () {\n  const anchors = document.querySelectorAll('.vainilla-camp-page a[href^=\"#\"]');\n\n  anchors.forEach(anchor => {\n    anchor.addEventListener(\"click\", function (e) {\n      const targetId = this.getAttribute(\"href\");\n      const target = document.querySelector(targetId);\n\n      if (target) {\n        e.preventDefault();\n        target.scrollIntoView({\n          behavior: \"smooth\",\n          block: \"start\"\n        });\n      }\n    });\n  });\n});\n<\/script>\t\t<\/div>\n\t\t\t\t<\/div>\n\t\t\t\t\t<\/div>\n\t\t\t\t<\/div>\n\t\t\t\t\t\t\t<\/div>","protected":false},"excerpt":{"rendered":"StudioVainilla presenta VainillaCamp El proceso de selecci\u00f3n presencial donde identificamos a los perfiles con mayor potencial en dise\u00f1o, criterio visual, pensamiento estrat\u00e9gico y ejecuci\u00f3n creativa para integrarse al equipo de StudioVainilla. Fecha S\u00e1bado 18 de abril Horario 09:00 a 16:00 hrs Cierre de registro Mi\u00e9rcoles 15 de abril \u00b7 14:00 hrs Registrar asistencia Ver actividades&#8230;","protected":false},"author":1,"featured_media":0,"parent":0,"menu_order":0,"comment_status":"closed","ping_status":"closed","template":"elementor_header_footer","meta":{"_acf_changed":false,"footnotes":""},"class_list":["post-13008","page","type-page","status-publish","hentry"],"acf":[],"yoast_head":"<!-- This site is optimized with the Yoast SEO Premium plugin v21.8 (Yoast SEO v21.8) - https:\/\/yoast.com\/wordpress\/plugins\/seo\/ -->\n<title>Camp - StudioVainilla<\/title>\n<meta name=\"robots\" content=\"index, follow, max-snippet:-1, max-image-preview:large, max-video-preview:-1\" \/>\n<link rel=\"canonical\" href=\"https:\/\/studiovainilla.com\/en\/camp\/\" \/>\n<meta property=\"og:locale\" content=\"en_US\" \/>\n<meta property=\"og:type\" content=\"article\" \/>\n<meta property=\"og:title\" content=\"Camp\" \/>\n<meta property=\"og:description\" content=\"StudioVainilla presenta VainillaCamp El proceso de selecci\u00f3n presencial donde identificamos a los perfiles con mayor potencial en dise\u00f1o, criterio visual, pensamiento estrat\u00e9gico y ejecuci\u00f3n creativa para integrarse al equipo de StudioVainilla. Fecha S\u00e1bado 18 de abril Horario 09:00 a 16:00 hrs Cierre de registro Mi\u00e9rcoles 15 de abril \u00b7 14:00 hrs Registrar asistencia Ver actividades...\" \/>\n<meta property=\"og:url\" content=\"https:\/\/studiovainilla.com\/en\/camp\/\" \/>\n<meta property=\"og:site_name\" content=\"StudioVainilla\" \/>\n<meta property=\"article:modified_time\" content=\"2026-04-13T18:41:30+00:00\" \/>\n<meta name=\"twitter:card\" content=\"summary_large_image\" \/>\n<meta name=\"twitter:label1\" content=\"Est. reading time\" \/>\n\t<meta name=\"twitter:data1\" content=\"3 minutes\" \/>\n<script type=\"application\/ld+json\" class=\"yoast-schema-graph\">{\"@context\":\"https:\/\/schema.org\",\"@graph\":[{\"@type\":\"WebPage\",\"@id\":\"https:\/\/studiovainilla.com\/camp\/\",\"url\":\"https:\/\/studiovainilla.com\/camp\/\",\"name\":\"Camp - StudioVainilla\",\"isPartOf\":{\"@id\":\"https:\/\/studiovainilla.com\/en\/#website\"},\"datePublished\":\"2026-04-13T18:24:02+00:00\",\"dateModified\":\"2026-04-13T18:41:30+00:00\",\"breadcrumb\":{\"@id\":\"https:\/\/studiovainilla.com\/camp\/#breadcrumb\"},\"inLanguage\":\"en-US\",\"potentialAction\":[{\"@type\":\"ReadAction\",\"target\":[\"https:\/\/studiovainilla.com\/camp\/\"]}]},{\"@type\":\"BreadcrumbList\",\"@id\":\"https:\/\/studiovainilla.com\/camp\/#breadcrumb\",\"itemListElement\":[{\"@type\":\"ListItem\",\"position\":1,\"name\":\"Portada\",\"item\":\"https:\/\/studiovainilla.com\/\"},{\"@type\":\"ListItem\",\"position\":2,\"name\":\"Camp\"}]},{\"@type\":\"WebSite\",\"@id\":\"https:\/\/studiovainilla.com\/en\/#website\",\"url\":\"https:\/\/studiovainilla.com\/en\/\",\"name\":\"StudioVainilla\",\"description\":\"Marketing, Publicidad y Web\",\"potentialAction\":[{\"@type\":\"SearchAction\",\"target\":{\"@type\":\"EntryPoint\",\"urlTemplate\":\"https:\/\/studiovainilla.com\/en\/?s={search_term_string}\"},\"query-input\":\"required name=search_term_string\"}],\"inLanguage\":\"en-US\"}]}<\/script>\n<!-- \/ Yoast SEO Premium plugin. -->","yoast_head_json":{"title":"Camp - StudioVainilla","robots":{"index":"index","follow":"follow","max-snippet":"max-snippet:-1","max-image-preview":"max-image-preview:large","max-video-preview":"max-video-preview:-1"},"canonical":"https:\/\/studiovainilla.com\/en\/camp\/","og_locale":"en_US","og_type":"article","og_title":"Camp","og_description":"StudioVainilla presenta VainillaCamp El proceso de selecci\u00f3n presencial donde identificamos a los perfiles con mayor potencial en dise\u00f1o, criterio visual, pensamiento estrat\u00e9gico y ejecuci\u00f3n creativa para integrarse al equipo de StudioVainilla. Fecha S\u00e1bado 18 de abril Horario 09:00 a 16:00 hrs Cierre de registro Mi\u00e9rcoles 15 de abril \u00b7 14:00 hrs Registrar asistencia Ver actividades...","og_url":"https:\/\/studiovainilla.com\/en\/camp\/","og_site_name":"StudioVainilla","article_modified_time":"2026-04-13T18:41:30+00:00","twitter_card":"summary_large_image","twitter_misc":{"Est. reading time":"3 minutes"},"schema":{"@context":"https:\/\/schema.org","@graph":[{"@type":"WebPage","@id":"https:\/\/studiovainilla.com\/camp\/","url":"https:\/\/studiovainilla.com\/camp\/","name":"Camp - StudioVainilla","isPartOf":{"@id":"https:\/\/studiovainilla.com\/en\/#website"},"datePublished":"2026-04-13T18:24:02+00:00","dateModified":"2026-04-13T18:41:30+00:00","breadcrumb":{"@id":"https:\/\/studiovainilla.com\/camp\/#breadcrumb"},"inLanguage":"en-US","potentialAction":[{"@type":"ReadAction","target":["https:\/\/studiovainilla.com\/camp\/"]}]},{"@type":"BreadcrumbList","@id":"https:\/\/studiovainilla.com\/camp\/#breadcrumb","itemListElement":[{"@type":"ListItem","position":1,"name":"Portada","item":"https:\/\/studiovainilla.com\/"},{"@type":"ListItem","position":2,"name":"Camp"}]},{"@type":"WebSite","@id":"https:\/\/studiovainilla.com\/en\/#website","url":"https:\/\/studiovainilla.com\/en\/","name":"StudioVainilla","description":"Marketing, Publicidad y Web","potentialAction":[{"@type":"SearchAction","target":{"@type":"EntryPoint","urlTemplate":"https:\/\/studiovainilla.com\/en\/?s={search_term_string}"},"query-input":"required name=search_term_string"}],"inLanguage":"en-US"}]}},"jetpack_sharing_enabled":true,"jetpack-related-posts":[{"id":10645,"url":"https:\/\/studiovainilla.com\/en\/branding\/","url_meta":{"origin":13008,"position":0},"title":"Branding","author":"","date":"November 10, 2022","format":false,"excerpt":"Eleve su Marca con StudioVainillaDonde la Creatividad Encuentra la Estrategia En StudioVainilla, entendemos que una marca fuerte es mucho m\u00e1s que un logotipo llamativo. Es una historia convincente, una identidad visual distintiva, y una promesa al cliente que se destaca en un mercado saturado. Por eso, nuestros planes de branding\u2026","rel":"","context":"Similar post","block_context":{"text":"Similar post","link":""},"img":{"alt_text":"Desarrollo web Agencia de Marketing Digital y Publicidad Servicios Web Branding","src":"https:\/\/i0.wp.com\/studiovainilla.com\/wp-content\/uploads\/2022\/09\/Branding-StudioVainilla.png?resize=350%2C200&ssl=1","width":350,"height":200,"srcset":"https:\/\/i0.wp.com\/studiovainilla.com\/wp-content\/uploads\/2022\/09\/Branding-StudioVainilla.png?resize=350%2C200&ssl=1 1x, https:\/\/i0.wp.com\/studiovainilla.com\/wp-content\/uploads\/2022\/09\/Branding-StudioVainilla.png?resize=525%2C300&ssl=1 1.5x, https:\/\/i0.wp.com\/studiovainilla.com\/wp-content\/uploads\/2022\/09\/Branding-StudioVainilla.png?resize=700%2C400&ssl=1 2x, https:\/\/i0.wp.com\/studiovainilla.com\/wp-content\/uploads\/2022\/09\/Branding-StudioVainilla.png?resize=1050%2C600&ssl=1 3x"},"classes":[]},{"id":11925,"url":"https:\/\/studiovainilla.com\/en\/te-asesoramos-gratis\/comenzar-branding\/","url_meta":{"origin":13008,"position":1},"title":"Comenzar Branding","author":"StudioVainilla","date":"November 11, 2023","format":false,"excerpt":"+ 500 Negocios asesorados al d\u00eda de hoy. Agenda una Asesor\u00eda Gratis y comencemos a dise\u00f1ar tu marca, tu logotipo, tu identidad \u00bfQu\u00e9 es Asesores Vainilla? \u00bfQuieres saber m\u00e1s? Haz clic aqu\u00ed","rel":"","context":"Similar post","block_context":{"text":"Similar post","link":""},"img":{"alt_text":"","src":"","width":0,"height":0},"classes":[]},{"id":12854,"url":"https:\/\/studiovainilla.com\/en\/marketing-digital\/comienza-hoy-en-marketing-vainilla\/gracias-marketing\/","url_meta":{"origin":13008,"position":2},"title":"Gracias Marketing","author":"StudioVainilla","date":"June 5, 2025","format":false,"excerpt":"Gracias por confiar en StudioVainillaEn un momento nuestros representantes se pondr\u00e1n en contacto contigo. Tiempo estimado para recibir la cotizaci\u00f3n: 00 Horas 00 Minutos 00 Segundos Si lo necesitas, \u00a1Agenda una asesor\u00eda online de manera gratuita!. Te lo recomendamos \ud83d\udc47 Canales por el cual podemos contactarte:\u00a0\u00a0\u00a0\u00a0 6144741000 6142616321 hola@studiovainilla.com.mx","rel":"","context":"Similar post","block_context":{"text":"Similar post","link":""},"img":{"alt_text":"Small business owner, entrepreneur, seller using tablet checking ecommerce clothing store orders.","src":"https:\/\/i0.wp.com\/studiovainilla.com\/wp-content\/uploads\/2023\/12\/small-business-owner-entrepreneur-seller-using-tablet-checking-ecommerce-clothing-store-orders-.jpg?resize=350%2C200&ssl=1","width":350,"height":200,"srcset":"https:\/\/i0.wp.com\/studiovainilla.com\/wp-content\/uploads\/2023\/12\/small-business-owner-entrepreneur-seller-using-tablet-checking-ecommerce-clothing-store-orders-.jpg?resize=350%2C200&ssl=1 1x, https:\/\/i0.wp.com\/studiovainilla.com\/wp-content\/uploads\/2023\/12\/small-business-owner-entrepreneur-seller-using-tablet-checking-ecommerce-clothing-store-orders-.jpg?resize=525%2C300&ssl=1 1.5x, https:\/\/i0.wp.com\/studiovainilla.com\/wp-content\/uploads\/2023\/12\/small-business-owner-entrepreneur-seller-using-tablet-checking-ecommerce-clothing-store-orders-.jpg?resize=700%2C400&ssl=1 2x, https:\/\/i0.wp.com\/studiovainilla.com\/wp-content\/uploads\/2023\/12\/small-business-owner-entrepreneur-seller-using-tablet-checking-ecommerce-clothing-store-orders-.jpg?resize=1050%2C600&ssl=1 3x, https:\/\/i0.wp.com\/studiovainilla.com\/wp-content\/uploads\/2023\/12\/small-business-owner-entrepreneur-seller-using-tablet-checking-ecommerce-clothing-store-orders-.jpg?resize=1400%2C800&ssl=1 4x"},"classes":[]},{"id":12367,"url":"https:\/\/studiovainilla.com\/en\/marketing-digital\/marketing-como-trabajamos\/","url_meta":{"origin":13008,"position":3},"title":"Marketing: C\u00f3mo trabajamos","author":"StudioVainilla","date":"November 22, 2024","format":false,"excerpt":"1. Primer ContactoObjetivo: Presentar al cliente los planes y paquetes disponibles.Detalles: Explicaci\u00f3n de la metodolog\u00eda de trabajo y alineaci\u00f3n inicial de expectativas.Personas Involucradas: Director general.Ver Planes 2. Reuni\u00f3n InicialObjetivo: Entender los objetivos, la audiencia y los desaf\u00edos espec\u00edficos del cliente.Detalles:Alinear expectativas.Definir el alcance del proyecto.Personas Involucradas: Director general, directora creativa\u2026","rel":"","context":"Similar post","block_context":{"text":"Similar post","link":""},"img":{"alt_text":"Creative collaboration at the agency","src":"https:\/\/i0.wp.com\/studiovainilla.com\/wp-content\/uploads\/2024\/11\/creative-collaboration-at-the-agency.jpg?resize=350%2C200&ssl=1","width":350,"height":200,"srcset":"https:\/\/i0.wp.com\/studiovainilla.com\/wp-content\/uploads\/2024\/11\/creative-collaboration-at-the-agency.jpg?resize=350%2C200&ssl=1 1x, https:\/\/i0.wp.com\/studiovainilla.com\/wp-content\/uploads\/2024\/11\/creative-collaboration-at-the-agency.jpg?resize=525%2C300&ssl=1 1.5x, https:\/\/i0.wp.com\/studiovainilla.com\/wp-content\/uploads\/2024\/11\/creative-collaboration-at-the-agency.jpg?resize=700%2C400&ssl=1 2x, https:\/\/i0.wp.com\/studiovainilla.com\/wp-content\/uploads\/2024\/11\/creative-collaboration-at-the-agency.jpg?resize=1050%2C600&ssl=1 3x, https:\/\/i0.wp.com\/studiovainilla.com\/wp-content\/uploads\/2024\/11\/creative-collaboration-at-the-agency.jpg?resize=1400%2C800&ssl=1 4x"},"classes":[]},{"id":12197,"url":"https:\/\/studiovainilla.com\/en\/portafolio-de-proyectos\/","url_meta":{"origin":13008,"position":4},"title":"Portafolio de Proyectos","author":"StudioVainilla","date":"April 2, 2024","format":false,"excerpt":"Haz clic sobre la imagen \/ proyecto para ver m\u00e1s informaci\u00f3n acerca del mismo. Cada imagen representa un cliente \/ proyecto.","rel":"","context":"Similar post","block_context":{"text":"Similar post","link":""},"img":{"alt_text":"","src":"","width":0,"height":0},"classes":[]},{"id":11050,"url":"https:\/\/studiovainilla.com\/en\/features\/","url_meta":{"origin":13008,"position":5},"title":"Features","author":"Mario Guti\u00e9rrez","date":"March 18, 2023","format":false,"excerpt":"& Incrementamos la productividad y la comunicaci\u00f3n contigo hasta en un 53% Comunicate con todo nuestro equipo Recibe notificaciones en tiempo real Ent\u00e9rate cuando el equipo de dise\u00f1o termina una tarea Ent\u00e9rate cuando un nuevo Lead desde Facebook Ads o Sitio web se genera* & Te facilitamos gestionar los clientes\u2026","rel":"","context":"Similar post","block_context":{"text":"Similar post","link":""},"img":{"alt_text":"","src":"https:\/\/i0.wp.com\/studiovainilla.com\/wp-content\/uploads\/2023\/03\/Slack-Client-Mac-es-ES-2288x1688-1.png?resize=350%2C200&ssl=1","width":350,"height":200,"srcset":"https:\/\/i0.wp.com\/studiovainilla.com\/wp-content\/uploads\/2023\/03\/Slack-Client-Mac-es-ES-2288x1688-1.png?resize=350%2C200&ssl=1 1x, https:\/\/i0.wp.com\/studiovainilla.com\/wp-content\/uploads\/2023\/03\/Slack-Client-Mac-es-ES-2288x1688-1.png?resize=525%2C300&ssl=1 1.5x, https:\/\/i0.wp.com\/studiovainilla.com\/wp-content\/uploads\/2023\/03\/Slack-Client-Mac-es-ES-2288x1688-1.png?resize=700%2C400&ssl=1 2x, https:\/\/i0.wp.com\/studiovainilla.com\/wp-content\/uploads\/2023\/03\/Slack-Client-Mac-es-ES-2288x1688-1.png?resize=1050%2C600&ssl=1 3x, https:\/\/i0.wp.com\/studiovainilla.com\/wp-content\/uploads\/2023\/03\/Slack-Client-Mac-es-ES-2288x1688-1.png?resize=1400%2C800&ssl=1 4x"},"classes":[]}],"_links":{"self":[{"href":"https:\/\/studiovainilla.com\/en\/wp-json\/wp\/v2\/pages\/13008","targetHints":{"allow":["GET"]}}],"collection":[{"href":"https:\/\/studiovainilla.com\/en\/wp-json\/wp\/v2\/pages"}],"about":[{"href":"https:\/\/studiovainilla.com\/en\/wp-json\/wp\/v2\/types\/page"}],"author":[{"embeddable":true,"href":"https:\/\/studiovainilla.com\/en\/wp-json\/wp\/v2\/users\/1"}],"replies":[{"embeddable":true,"href":"https:\/\/studiovainilla.com\/en\/wp-json\/wp\/v2\/comments?post=13008"}],"version-history":[{"count":17,"href":"https:\/\/studiovainilla.com\/en\/wp-json\/wp\/v2\/pages\/13008\/revisions"}],"predecessor-version":[{"id":13027,"href":"https:\/\/studiovainilla.com\/en\/wp-json\/wp\/v2\/pages\/13008\/revisions\/13027"}],"wp:attachment":[{"href":"https:\/\/studiovainilla.com\/en\/wp-json\/wp\/v2\/media?parent=13008"}],"curies":[{"name":"wp","href":"https:\/\/api.w.org\/{rel}","templated":true}]}}