{"id":12760,"date":"2025-06-01T15:02:29","date_gmt":"2025-06-01T20:02:29","guid":{"rendered":"https:\/\/studiovainilla.com\/?page_id=12760"},"modified":"2025-06-01T15:02:29","modified_gmt":"2025-06-01T20:02:29","slug":"gracias-por-contactar","status":"publish","type":"page","link":"https:\/\/studiovainilla.com\/en\/gracias-por-contactar\/","title":{"rendered":"Gracias por contactar"},"content":{"rendered":"","protected":false},"excerpt":{"rendered":"","protected":false},"author":1,"featured_media":0,"parent":0,"menu_order":0,"comment_status":"closed","ping_status":"closed","template":"elementor_header_footer","meta":{"_acf_changed":false,"footnotes":""},"class_list":["post-12760","page","type-page","status-publish","hentry"],"acf":[],"yoast_head":"<!-- This site is optimized with the Yoast SEO Premium plugin v21.8 (Yoast SEO v21.8) - https:\/\/yoast.com\/wordpress\/plugins\/seo\/ -->\n<title>Gracias por contactar - StudioVainilla<\/title>\n<meta name=\"robots\" content=\"index, follow, max-snippet:-1, max-image-preview:large, max-video-preview:-1\" \/>\n<link rel=\"canonical\" href=\"https:\/\/studiovainilla.com\/en\/gracias-por-contactar\/\" \/>\n<meta property=\"og:locale\" content=\"en_US\" \/>\n<meta property=\"og:type\" content=\"article\" \/>\n<meta property=\"og:title\" content=\"Gracias por contactar\" \/>\n<meta property=\"og:url\" content=\"https:\/\/studiovainilla.com\/en\/gracias-por-contactar\/\" \/>\n<meta property=\"og:site_name\" content=\"StudioVainilla\" \/>\n<meta name=\"twitter:card\" content=\"summary_large_image\" \/>\n<script type=\"application\/ld+json\" class=\"yoast-schema-graph\">{\"@context\":\"https:\/\/schema.org\",\"@graph\":[{\"@type\":\"WebPage\",\"@id\":\"https:\/\/studiovainilla.com\/gracias-por-contactar\/\",\"url\":\"https:\/\/studiovainilla.com\/gracias-por-contactar\/\",\"name\":\"Gracias por contactar - StudioVainilla\",\"isPartOf\":{\"@id\":\"https:\/\/studiovainilla.com\/en\/#website\"},\"datePublished\":\"2025-06-01T20:02:29+00:00\",\"dateModified\":\"2025-06-01T20:02:29+00:00\",\"breadcrumb\":{\"@id\":\"https:\/\/studiovainilla.com\/gracias-por-contactar\/#breadcrumb\"},\"inLanguage\":\"en-US\",\"potentialAction\":[{\"@type\":\"ReadAction\",\"target\":[\"https:\/\/studiovainilla.com\/gracias-por-contactar\/\"]}]},{\"@type\":\"BreadcrumbList\",\"@id\":\"https:\/\/studiovainilla.com\/gracias-por-contactar\/#breadcrumb\",\"itemListElement\":[{\"@type\":\"ListItem\",\"position\":1,\"name\":\"Portada\",\"item\":\"https:\/\/studiovainilla.com\/\"},{\"@type\":\"ListItem\",\"position\":2,\"name\":\"Gracias por contactar\"}]},{\"@type\":\"WebSite\",\"@id\":\"https:\/\/studiovainilla.com\/en\/#website\",\"url\":\"https:\/\/studiovainilla.com\/en\/\",\"name\":\"StudioVainilla\",\"description\":\"Marketing, Publicidad y Web\",\"potentialAction\":[{\"@type\":\"SearchAction\",\"target\":{\"@type\":\"EntryPoint\",\"urlTemplate\":\"https:\/\/studiovainilla.com\/en\/?s={search_term_string}\"},\"query-input\":\"required name=search_term_string\"}],\"inLanguage\":\"en-US\"}]}<\/script>\n<!-- \/ Yoast SEO Premium plugin. -->","yoast_head_json":{"title":"Gracias por contactar - StudioVainilla","robots":{"index":"index","follow":"follow","max-snippet":"max-snippet:-1","max-image-preview":"max-image-preview:large","max-video-preview":"max-video-preview:-1"},"canonical":"https:\/\/studiovainilla.com\/en\/gracias-por-contactar\/","og_locale":"en_US","og_type":"article","og_title":"Gracias por contactar","og_url":"https:\/\/studiovainilla.com\/en\/gracias-por-contactar\/","og_site_name":"StudioVainilla","twitter_card":"summary_large_image","schema":{"@context":"https:\/\/schema.org","@graph":[{"@type":"WebPage","@id":"https:\/\/studiovainilla.com\/gracias-por-contactar\/","url":"https:\/\/studiovainilla.com\/gracias-por-contactar\/","name":"Gracias por contactar - StudioVainilla","isPartOf":{"@id":"https:\/\/studiovainilla.com\/en\/#website"},"datePublished":"2025-06-01T20:02:29+00:00","dateModified":"2025-06-01T20:02:29+00:00","breadcrumb":{"@id":"https:\/\/studiovainilla.com\/gracias-por-contactar\/#breadcrumb"},"inLanguage":"en-US","potentialAction":[{"@type":"ReadAction","target":["https:\/\/studiovainilla.com\/gracias-por-contactar\/"]}]},{"@type":"BreadcrumbList","@id":"https:\/\/studiovainilla.com\/gracias-por-contactar\/#breadcrumb","itemListElement":[{"@type":"ListItem","position":1,"name":"Portada","item":"https:\/\/studiovainilla.com\/"},{"@type":"ListItem","position":2,"name":"Gracias por contactar"}]},{"@type":"WebSite","@id":"https:\/\/studiovainilla.com\/en\/#website","url":"https:\/\/studiovainilla.com\/en\/","name":"StudioVainilla","description":"Marketing, Publicidad y Web","potentialAction":[{"@type":"SearchAction","target":{"@type":"EntryPoint","urlTemplate":"https:\/\/studiovainilla.com\/en\/?s={search_term_string}"},"query-input":"required name=search_term_string"}],"inLanguage":"en-US"}]}},"jetpack_sharing_enabled":true,"jetpack-related-posts":[{"id":12854,"url":"https:\/\/studiovainilla.com\/en\/marketing-digital\/comienza-hoy-en-marketing-vainilla\/gracias-marketing\/","url_meta":{"origin":12760,"position":0},"title":"Gracias Marketing","author":"StudioVainilla","date":"June 5, 2025","format":false,"excerpt":"Gracias por confiar en StudioVainillaEn un momento nuestros representantes se pondr\u00e1n en contacto contigo. Tiempo estimado para recibir la cotizaci\u00f3n: 00 Horas 00 Minutos 00 Segundos Si lo necesitas, \u00a1Agenda una asesor\u00eda online de manera gratuita!. Te lo recomendamos \ud83d\udc47 Canales por el cual podemos contactarte:\u00a0\u00a0\u00a0\u00a0 6144741000 6142616321 hola@studiovainilla.com.mx","rel":"","context":"Similar post","block_context":{"text":"Similar post","link":""},"img":{"alt_text":"Small business owner, entrepreneur, seller using tablet checking ecommerce clothing store orders.","src":"https:\/\/i0.wp.com\/studiovainilla.com\/wp-content\/uploads\/2023\/12\/small-business-owner-entrepreneur-seller-using-tablet-checking-ecommerce-clothing-store-orders-.jpg?resize=350%2C200&ssl=1","width":350,"height":200,"srcset":"https:\/\/i0.wp.com\/studiovainilla.com\/wp-content\/uploads\/2023\/12\/small-business-owner-entrepreneur-seller-using-tablet-checking-ecommerce-clothing-store-orders-.jpg?resize=350%2C200&ssl=1 1x, https:\/\/i0.wp.com\/studiovainilla.com\/wp-content\/uploads\/2023\/12\/small-business-owner-entrepreneur-seller-using-tablet-checking-ecommerce-clothing-store-orders-.jpg?resize=525%2C300&ssl=1 1.5x, https:\/\/i0.wp.com\/studiovainilla.com\/wp-content\/uploads\/2023\/12\/small-business-owner-entrepreneur-seller-using-tablet-checking-ecommerce-clothing-store-orders-.jpg?resize=700%2C400&ssl=1 2x, https:\/\/i0.wp.com\/studiovainilla.com\/wp-content\/uploads\/2023\/12\/small-business-owner-entrepreneur-seller-using-tablet-checking-ecommerce-clothing-store-orders-.jpg?resize=1050%2C600&ssl=1 3x, https:\/\/i0.wp.com\/studiovainilla.com\/wp-content\/uploads\/2023\/12\/small-business-owner-entrepreneur-seller-using-tablet-checking-ecommerce-clothing-store-orders-.jpg?resize=1400%2C800&ssl=1 4x"},"classes":[]},{"id":11619,"url":"https:\/\/studiovainilla.com\/en\/notificaciones\/","url_meta":{"origin":12760,"position":1},"title":"\ud83d\udd14 Notificaciones StudioVainilla","author":"","date":"July 31, 2023","format":false,"excerpt":"Notificaci\u00f3n vigente v\u00eda Correo y Whatsapp Pueden confiar y estar seguros de que la informaci\u00f3n recibida v\u00eda correo electr\u00f3nico y v\u00eda Whatsapp con el nombre de asunto \"Actualizaci\u00f3n emocionante sobre nuestros servicios web\" es ver\u00eddica y es enviada por nuestro equipo. Fecha de actualizaci\u00f3n: \u00d7 Descartar alerta \u00a1Bienvenidos a la\u2026","rel":"","context":"Similar post","block_context":{"text":"Similar post","link":""},"img":{"alt_text":"","src":"https:\/\/i0.wp.com\/studiovainilla.com\/wp-content\/uploads\/2023\/08\/Favicon-Notificaciones-StudioVainilla-copia.png?resize=350%2C200&ssl=1","width":350,"height":200,"srcset":"https:\/\/i0.wp.com\/studiovainilla.com\/wp-content\/uploads\/2023\/08\/Favicon-Notificaciones-StudioVainilla-copia.png?resize=350%2C200&ssl=1 1x, https:\/\/i0.wp.com\/studiovainilla.com\/wp-content\/uploads\/2023\/08\/Favicon-Notificaciones-StudioVainilla-copia.png?resize=525%2C300&ssl=1 1.5x, https:\/\/i0.wp.com\/studiovainilla.com\/wp-content\/uploads\/2023\/08\/Favicon-Notificaciones-StudioVainilla-copia.png?resize=700%2C400&ssl=1 2x"},"classes":[]},{"id":11673,"url":"https:\/\/studiovainilla.com\/en\/qr-soporte-web\/","url_meta":{"origin":12760,"position":2},"title":"Contacto Soporte Web","author":"","date":"August 14, 2023","format":false,"excerpt":"Escanea para agregar el contacto de Soporte Web. M\u00e1s Informaci\u00f3n acerca Abrir en Whatsapp Ir a P\u00e1gina de Inicio","rel":"","context":"Similar post","block_context":{"text":"Similar post","link":""},"img":{"alt_text":"","src":"https:\/\/i0.wp.com\/studiovainilla.com\/wp-content\/uploads\/2023\/08\/Favicon-QR-Contacto-StudioVainilla-copia.jpg?resize=350%2C200&ssl=1","width":350,"height":200,"srcset":"https:\/\/i0.wp.com\/studiovainilla.com\/wp-content\/uploads\/2023\/08\/Favicon-QR-Contacto-StudioVainilla-copia.jpg?resize=350%2C200&ssl=1 1x, https:\/\/i0.wp.com\/studiovainilla.com\/wp-content\/uploads\/2023\/08\/Favicon-QR-Contacto-StudioVainilla-copia.jpg?resize=525%2C300&ssl=1 1.5x, https:\/\/i0.wp.com\/studiovainilla.com\/wp-content\/uploads\/2023\/08\/Favicon-QR-Contacto-StudioVainilla-copia.jpg?resize=700%2C400&ssl=1 2x"},"classes":[]},{"id":10609,"url":"https:\/\/studiovainilla.com\/en\/consigue-el-exito\/","url_meta":{"origin":12760,"position":3},"title":"\ud83d\ude4c Est\u00e1s a punto de conseguir el \u00e9xito","author":"","date":"October 22, 2022","format":false,"excerpt":"REVISA TU CORREOHemos enviado informaci\u00f3n importante a tu bandeja de correo electr\u00f3nico \u00a1EST\u00c1S A UN MOMENTO DE QUE COMENCEMOS A GENERAR EL \u00c9XITO QUE DESEAS PARA TU PROYECTO! En un momento uno de nuestros asesores se pondr\u00e1 en contacto contigo. Por favor est\u00e1te pendiente ya que te contactaremos en el\u2026","rel":"","context":"Similar post","block_context":{"text":"Similar post","link":""},"img":{"alt_text":"","src":"","width":0,"height":0},"classes":[]},{"id":2051,"url":"https:\/\/studiovainilla.com\/en\/contacto\/","url_meta":{"origin":12760,"position":4},"title":"Contacto","author":"","date":"February 16, 2019","format":false,"excerpt":"","rel":"","context":"Similar post","block_context":{"text":"Similar post","link":""},"img":{"alt_text":"","src":"","width":0,"height":0},"classes":[]},{"id":12434,"url":"https:\/\/studiovainilla.com\/en\/genera-enlace-para-whatsapp\/","url_meta":{"origin":12760,"position":5},"title":"Genera enlace para WhatsApp","author":"StudioVainilla","date":"February 11, 2025","format":false,"excerpt":"Genera de manera gratuita tu enlace de WhatsAppGenera un enlace de WhatsApp personalizado para tu negocioLos enlaces de WhatsApp permiten que los clientes potenciales te contacten al instante, facilitando la conversaci\u00f3n y aumentando tus oportunidades de conexi\u00f3n. \u00bfQuieres m\u00e1s poder? \u00bfDeseas Marketing? \u00a1Crea tu enlace aqu\u00ed mismo! \ud83d\udc47","rel":"","context":"Similar post","block_context":{"text":"Similar post","link":""},"img":{"alt_text":"","src":"https:\/\/i0.wp.com\/studiovainilla.com\/wp-content\/uploads\/2025\/02\/Enlace-Whatsapp-StudioVainilla-Vchat-Gratis.jpg?resize=350%2C200&ssl=1","width":350,"height":200,"srcset":"https:\/\/i0.wp.com\/studiovainilla.com\/wp-content\/uploads\/2025\/02\/Enlace-Whatsapp-StudioVainilla-Vchat-Gratis.jpg?resize=350%2C200&ssl=1 1x, https:\/\/i0.wp.com\/studiovainilla.com\/wp-content\/uploads\/2025\/02\/Enlace-Whatsapp-StudioVainilla-Vchat-Gratis.jpg?resize=525%2C300&ssl=1 1.5x, https:\/\/i0.wp.com\/studiovainilla.com\/wp-content\/uploads\/2025\/02\/Enlace-Whatsapp-StudioVainilla-Vchat-Gratis.jpg?resize=700%2C400&ssl=1 2x, https:\/\/i0.wp.com\/studiovainilla.com\/wp-content\/uploads\/2025\/02\/Enlace-Whatsapp-StudioVainilla-Vchat-Gratis.jpg?resize=1050%2C600&ssl=1 3x, https:\/\/i0.wp.com\/studiovainilla.com\/wp-content\/uploads\/2025\/02\/Enlace-Whatsapp-StudioVainilla-Vchat-Gratis.jpg?resize=1400%2C800&ssl=1 4x"},"classes":[]}],"_links":{"self":[{"href":"https:\/\/studiovainilla.com\/en\/wp-json\/wp\/v2\/pages\/12760","targetHints":{"allow":["GET"]}}],"collection":[{"href":"https:\/\/studiovainilla.com\/en\/wp-json\/wp\/v2\/pages"}],"about":[{"href":"https:\/\/studiovainilla.com\/en\/wp-json\/wp\/v2\/types\/page"}],"author":[{"embeddable":true,"href":"https:\/\/studiovainilla.com\/en\/wp-json\/wp\/v2\/users\/1"}],"replies":[{"embeddable":true,"href":"https:\/\/studiovainilla.com\/en\/wp-json\/wp\/v2\/comments?post=12760"}],"version-history":[{"count":1,"href":"https:\/\/studiovainilla.com\/en\/wp-json\/wp\/v2\/pages\/12760\/revisions"}],"predecessor-version":[{"id":12761,"href":"https:\/\/studiovainilla.com\/en\/wp-json\/wp\/v2\/pages\/12760\/revisions\/12761"}],"wp:attachment":[{"href":"https:\/\/studiovainilla.com\/en\/wp-json\/wp\/v2\/media?parent=12760"}],"curies":[{"name":"wp","href":"https:\/\/api.w.org\/{rel}","templated":true}]}}