{"id":10911,"date":"2023-02-06T11:31:38","date_gmt":"2023-02-06T17:31:38","guid":{"rendered":"https:\/\/studiovainilla.com\/?page_id=10911"},"modified":"2023-02-06T11:54:17","modified_gmt":"2023-02-06T17:54:17","slug":"formulario-branding","status":"publish","type":"page","link":"https:\/\/studiovainilla.com\/en\/branding\/formulario-branding\/","title":{"rendered":"Formulario Branding"},"content":{"rendered":"<div data-elementor-type=\"wp-page\" data-elementor-id=\"10911\" class=\"elementor elementor-10911\" data-elementor-post-type=\"page\">\n\t\t\t\t\t\t\t\t\t<section class=\"elementor-section elementor-top-section elementor-element elementor-element-e2abd5a elementor-section-full_width elementor-section-stretched elementor-section-height-default elementor-section-height-default\" data-id=\"e2abd5a\" data-element_type=\"section\" id=\"formulario\" data-settings=\"{&quot;stretch_section&quot;:&quot;section-stretched&quot;}\">\n\t\t\t\t\t\t<div class=\"elementor-container elementor-column-gap-no\">\n\t\t\t\t\t<div class=\"elementor-column elementor-col-100 elementor-top-column elementor-element elementor-element-3b8091c\" data-id=\"3b8091c\" data-element_type=\"column\">\n\t\t\t<div class=\"elementor-widget-wrap elementor-element-populated\">\n\t\t\t\t\t\t\t\t<div class=\"elementor-element elementor-element-1a882e8 de_scroll_animation_no elementor-widget elementor-widget-html\" data-id=\"1a882e8\" data-element_type=\"widget\" data-widget_type=\"html.default\">\n\t\t\t\t<div class=\"elementor-widget-container\">\n\t\t\t<iframe src=\"https:\/\/forms.monday.com\/forms\/embed\/83c6a408f6c7075253dfb8e623a20a47?r=use1\" width=\"auto\" height=\"2900\" style=\"border: 0; box-shadow: 5px 5px 56px 0px rgba(0,0,0,0.25);\"><\/iframe>\t\t<\/div>\n\t\t\t\t<\/div>\n\t\t\t\t\t<\/div>\n\t\t<\/div>\n\t\t\t\t\t\t\t<\/div>\n\t\t<\/section>\n\t\t\t\t\t\t\t<\/div>","protected":false},"excerpt":{"rendered":"","protected":false},"author":2,"featured_media":0,"parent":10645,"menu_order":0,"comment_status":"closed","ping_status":"closed","template":"elementor_header_footer","meta":{"_acf_changed":false,"footnotes":""},"class_list":["post-10911","page","type-page","status-publish","hentry"],"acf":[],"yoast_head":"<!-- This site is optimized with the Yoast SEO Premium plugin v21.8 (Yoast SEO v21.8) - https:\/\/yoast.com\/wordpress\/plugins\/seo\/ -->\n<title>Formulario de Branding |\u00a0StudioVainilla<\/title>\n<meta name=\"description\" content=\"El Branding de tu marca es tu embajador visual. Crea con nosotros tu marca y logra el \u00e9xito visual y de marca que deseas.\" \/>\n<meta name=\"robots\" content=\"index, follow, max-snippet:-1, max-image-preview:large, max-video-preview:-1\" \/>\n<link rel=\"canonical\" href=\"https:\/\/studiovainilla.com\/en\/branding\/formulario-branding\/\" \/>\n<meta property=\"og:locale\" content=\"en_US\" \/>\n<meta property=\"og:type\" content=\"article\" \/>\n<meta property=\"og:title\" content=\"Formulario Branding\" \/>\n<meta property=\"og:description\" content=\"El Branding de tu marca es tu embajador visual. Crea con nosotros tu marca y logra el \u00e9xito visual y de marca que deseas.\" \/>\n<meta property=\"og:url\" content=\"https:\/\/studiovainilla.com\/en\/branding\/formulario-branding\/\" \/>\n<meta property=\"og:site_name\" content=\"StudioVainilla\" \/>\n<meta property=\"article:modified_time\" content=\"2023-02-06T17:54:17+00:00\" \/>\n<meta name=\"twitter:card\" content=\"summary_large_image\" \/>\n<script type=\"application\/ld+json\" class=\"yoast-schema-graph\">{\"@context\":\"https:\/\/schema.org\",\"@graph\":[{\"@type\":\"WebPage\",\"@id\":\"https:\/\/studiovainilla.com\/branding\/formulario-branding\/\",\"url\":\"https:\/\/studiovainilla.com\/branding\/formulario-branding\/\",\"name\":\"Formulario de Branding |\u00a0StudioVainilla\",\"isPartOf\":{\"@id\":\"https:\/\/studiovainilla.com\/en\/#website\"},\"datePublished\":\"2023-02-06T17:31:38+00:00\",\"dateModified\":\"2023-02-06T17:54:17+00:00\",\"description\":\"El Branding de tu marca es tu embajador visual. Crea con nosotros tu marca y logra el \u00e9xito visual y de marca que deseas.\",\"breadcrumb\":{\"@id\":\"https:\/\/studiovainilla.com\/branding\/formulario-branding\/#breadcrumb\"},\"inLanguage\":\"en-US\",\"potentialAction\":[{\"@type\":\"ReadAction\",\"target\":[\"https:\/\/studiovainilla.com\/branding\/formulario-branding\/\"]}]},{\"@type\":\"BreadcrumbList\",\"@id\":\"https:\/\/studiovainilla.com\/branding\/formulario-branding\/#breadcrumb\",\"itemListElement\":[{\"@type\":\"ListItem\",\"position\":1,\"name\":\"Portada\",\"item\":\"https:\/\/studiovainilla.com\/\"},{\"@type\":\"ListItem\",\"position\":2,\"name\":\"Branding\",\"item\":\"https:\/\/studiovainilla.com\/branding\/\"},{\"@type\":\"ListItem\",\"position\":3,\"name\":\"Formulario Branding\"}]},{\"@type\":\"WebSite\",\"@id\":\"https:\/\/studiovainilla.com\/en\/#website\",\"url\":\"https:\/\/studiovainilla.com\/en\/\",\"name\":\"StudioVainilla\",\"description\":\"Marketing, Publicidad y Web\",\"potentialAction\":[{\"@type\":\"SearchAction\",\"target\":{\"@type\":\"EntryPoint\",\"urlTemplate\":\"https:\/\/studiovainilla.com\/en\/?s={search_term_string}\"},\"query-input\":\"required name=search_term_string\"}],\"inLanguage\":\"en-US\"}]}<\/script>\n<!-- \/ Yoast SEO Premium plugin. -->","yoast_head_json":{"title":"Formulario de Branding |\u00a0StudioVainilla","description":"El Branding de tu marca es tu embajador visual. Crea con nosotros tu marca y logra el \u00e9xito visual y de marca que deseas.","robots":{"index":"index","follow":"follow","max-snippet":"max-snippet:-1","max-image-preview":"max-image-preview:large","max-video-preview":"max-video-preview:-1"},"canonical":"https:\/\/studiovainilla.com\/en\/branding\/formulario-branding\/","og_locale":"en_US","og_type":"article","og_title":"Formulario Branding","og_description":"El Branding de tu marca es tu embajador visual. Crea con nosotros tu marca y logra el \u00e9xito visual y de marca que deseas.","og_url":"https:\/\/studiovainilla.com\/en\/branding\/formulario-branding\/","og_site_name":"StudioVainilla","article_modified_time":"2023-02-06T17:54:17+00:00","twitter_card":"summary_large_image","schema":{"@context":"https:\/\/schema.org","@graph":[{"@type":"WebPage","@id":"https:\/\/studiovainilla.com\/branding\/formulario-branding\/","url":"https:\/\/studiovainilla.com\/branding\/formulario-branding\/","name":"Formulario de Branding |\u00a0StudioVainilla","isPartOf":{"@id":"https:\/\/studiovainilla.com\/en\/#website"},"datePublished":"2023-02-06T17:31:38+00:00","dateModified":"2023-02-06T17:54:17+00:00","description":"El Branding de tu marca es tu embajador visual. Crea con nosotros tu marca y logra el \u00e9xito visual y de marca que deseas.","breadcrumb":{"@id":"https:\/\/studiovainilla.com\/branding\/formulario-branding\/#breadcrumb"},"inLanguage":"en-US","potentialAction":[{"@type":"ReadAction","target":["https:\/\/studiovainilla.com\/branding\/formulario-branding\/"]}]},{"@type":"BreadcrumbList","@id":"https:\/\/studiovainilla.com\/branding\/formulario-branding\/#breadcrumb","itemListElement":[{"@type":"ListItem","position":1,"name":"Portada","item":"https:\/\/studiovainilla.com\/"},{"@type":"ListItem","position":2,"name":"Branding","item":"https:\/\/studiovainilla.com\/branding\/"},{"@type":"ListItem","position":3,"name":"Formulario Branding"}]},{"@type":"WebSite","@id":"https:\/\/studiovainilla.com\/en\/#website","url":"https:\/\/studiovainilla.com\/en\/","name":"StudioVainilla","description":"Marketing, Publicidad y Web","potentialAction":[{"@type":"SearchAction","target":{"@type":"EntryPoint","urlTemplate":"https:\/\/studiovainilla.com\/en\/?s={search_term_string}"},"query-input":"required name=search_term_string"}],"inLanguage":"en-US"}]}},"jetpack_sharing_enabled":true,"jetpack-related-posts":[{"id":11925,"url":"https:\/\/studiovainilla.com\/en\/te-asesoramos-gratis\/comenzar-branding\/","url_meta":{"origin":10911,"position":0},"title":"Comenzar Branding","author":"StudioVainilla","date":"November 11, 2023","format":false,"excerpt":"+ 500 Negocios asesorados al d\u00eda de hoy. Agenda una Asesor\u00eda Gratis y comencemos a dise\u00f1ar tu marca, tu logotipo, tu identidad \u00bfQu\u00e9 es Asesores Vainilla? \u00bfQuieres saber m\u00e1s? Haz clic aqu\u00ed","rel":"","context":"Similar post","block_context":{"text":"Similar post","link":""},"img":{"alt_text":"","src":"","width":0,"height":0},"classes":[]},{"id":10645,"url":"https:\/\/studiovainilla.com\/en\/branding\/","url_meta":{"origin":10911,"position":1},"title":"Branding","author":"","date":"November 10, 2022","format":false,"excerpt":"Eleve su Marca con StudioVainillaDonde la Creatividad Encuentra la Estrategia En StudioVainilla, entendemos que una marca fuerte es mucho m\u00e1s que un logotipo llamativo. Es una historia convincente, una identidad visual distintiva, y una promesa al cliente que se destaca en un mercado saturado. Por eso, nuestros planes de branding\u2026","rel":"","context":"Similar post","block_context":{"text":"Similar post","link":""},"img":{"alt_text":"Desarrollo web Agencia de Marketing Digital y Publicidad Servicios Web Branding","src":"https:\/\/i0.wp.com\/studiovainilla.com\/wp-content\/uploads\/2022\/09\/Branding-StudioVainilla.png?resize=350%2C200&ssl=1","width":350,"height":200,"srcset":"https:\/\/i0.wp.com\/studiovainilla.com\/wp-content\/uploads\/2022\/09\/Branding-StudioVainilla.png?resize=350%2C200&ssl=1 1x, https:\/\/i0.wp.com\/studiovainilla.com\/wp-content\/uploads\/2022\/09\/Branding-StudioVainilla.png?resize=525%2C300&ssl=1 1.5x, https:\/\/i0.wp.com\/studiovainilla.com\/wp-content\/uploads\/2022\/09\/Branding-StudioVainilla.png?resize=700%2C400&ssl=1 2x, https:\/\/i0.wp.com\/studiovainilla.com\/wp-content\/uploads\/2022\/09\/Branding-StudioVainilla.png?resize=1050%2C600&ssl=1 3x"},"classes":[]},{"id":12878,"url":"https:\/\/studiovainilla.com\/en\/marketing-digital\/vainilla-partners\/","url_meta":{"origin":10911,"position":2},"title":"Vainilla Partners","author":"StudioVainilla","date":"August 12, 2025","format":false,"excerpt":"\ud83e\udd1d Programa de Alianzas para Partners Lleva Marketing Digital a tus clientes.Nosotros ejecutamos. T\u00fa creces. Para empresas de digitalizaci\u00f3n y consultor\u00edas que desean ofrecer marketing sin armar un equipo interno. Transparencia total en Monday.com y dos modalidades simples de operaci\u00f3n. Ver modalidades Planes y comisiones 2Modalidades operativas 100%Visibilidad en Monday.com\u2026","rel":"","context":"Similar post","block_context":{"text":"Similar post","link":""},"img":{"alt_text":"","src":"","width":0,"height":0},"classes":[]},{"id":10614,"url":"https:\/\/studiovainilla.com\/en\/briefs-vainilla\/","url_meta":{"origin":10911,"position":3},"title":"Briefs Vainilla","author":"","date":"October 25, 2022","format":false,"excerpt":"UN MUNDO DE POSIBILIDADESHemos ayudado a muchas empresas como la tuya a lograr el \u00e9xito digital que se merecen. Anterior Siguiente Marketing Digital Desarrollo Web Producci\u00f3n Audiovisual Branding","rel":"","context":"Similar post","block_context":{"text":"Similar post","link":""},"img":{"alt_text":"","src":"","width":0,"height":0},"classes":[]},{"id":13,"url":"https:\/\/studiovainilla.com\/en\/","url_meta":{"origin":10911,"position":4},"title":"Agencia de Marketing y Web","author":"","date":"February 11, 2019","format":false,"excerpt":"","rel":"","context":"Similar post","block_context":{"text":"Similar post","link":""},"img":{"alt_text":"","src":"https:\/\/i0.wp.com\/studiovainilla.com\/wp-content\/uploads\/2023\/06\/monday-master.png?resize=350%2C200&ssl=1","width":350,"height":200,"srcset":"https:\/\/i0.wp.com\/studiovainilla.com\/wp-content\/uploads\/2023\/06\/monday-master.png?resize=350%2C200&ssl=1 1x, https:\/\/i0.wp.com\/studiovainilla.com\/wp-content\/uploads\/2023\/06\/monday-master.png?resize=525%2C300&ssl=1 1.5x, https:\/\/i0.wp.com\/studiovainilla.com\/wp-content\/uploads\/2023\/06\/monday-master.png?resize=700%2C400&ssl=1 2x, https:\/\/i0.wp.com\/studiovainilla.com\/wp-content\/uploads\/2023\/06\/monday-master.png?resize=1050%2C600&ssl=1 3x"},"classes":[]},{"id":11050,"url":"https:\/\/studiovainilla.com\/en\/features\/","url_meta":{"origin":10911,"position":5},"title":"Features","author":"Mario Guti\u00e9rrez","date":"March 18, 2023","format":false,"excerpt":"& Incrementamos la productividad y la comunicaci\u00f3n contigo hasta en un 53% Comunicate con todo nuestro equipo Recibe notificaciones en tiempo real Ent\u00e9rate cuando el equipo de dise\u00f1o termina una tarea Ent\u00e9rate cuando un nuevo Lead desde Facebook Ads o Sitio web se genera* & Te facilitamos gestionar los clientes\u2026","rel":"","context":"Similar post","block_context":{"text":"Similar post","link":""},"img":{"alt_text":"","src":"https:\/\/i0.wp.com\/studiovainilla.com\/wp-content\/uploads\/2023\/03\/Slack-Client-Mac-es-ES-2288x1688-1.png?resize=350%2C200&ssl=1","width":350,"height":200,"srcset":"https:\/\/i0.wp.com\/studiovainilla.com\/wp-content\/uploads\/2023\/03\/Slack-Client-Mac-es-ES-2288x1688-1.png?resize=350%2C200&ssl=1 1x, https:\/\/i0.wp.com\/studiovainilla.com\/wp-content\/uploads\/2023\/03\/Slack-Client-Mac-es-ES-2288x1688-1.png?resize=525%2C300&ssl=1 1.5x, https:\/\/i0.wp.com\/studiovainilla.com\/wp-content\/uploads\/2023\/03\/Slack-Client-Mac-es-ES-2288x1688-1.png?resize=700%2C400&ssl=1 2x, https:\/\/i0.wp.com\/studiovainilla.com\/wp-content\/uploads\/2023\/03\/Slack-Client-Mac-es-ES-2288x1688-1.png?resize=1050%2C600&ssl=1 3x, https:\/\/i0.wp.com\/studiovainilla.com\/wp-content\/uploads\/2023\/03\/Slack-Client-Mac-es-ES-2288x1688-1.png?resize=1400%2C800&ssl=1 4x"},"classes":[]}],"_links":{"self":[{"href":"https:\/\/studiovainilla.com\/en\/wp-json\/wp\/v2\/pages\/10911","targetHints":{"allow":["GET"]}}],"collection":[{"href":"https:\/\/studiovainilla.com\/en\/wp-json\/wp\/v2\/pages"}],"about":[{"href":"https:\/\/studiovainilla.com\/en\/wp-json\/wp\/v2\/types\/page"}],"author":[{"embeddable":true,"href":"https:\/\/studiovainilla.com\/en\/wp-json\/wp\/v2\/users\/2"}],"replies":[{"embeddable":true,"href":"https:\/\/studiovainilla.com\/en\/wp-json\/wp\/v2\/comments?post=10911"}],"version-history":[{"count":5,"href":"https:\/\/studiovainilla.com\/en\/wp-json\/wp\/v2\/pages\/10911\/revisions"}],"predecessor-version":[{"id":10917,"href":"https:\/\/studiovainilla.com\/en\/wp-json\/wp\/v2\/pages\/10911\/revisions\/10917"}],"up":[{"embeddable":true,"href":"https:\/\/studiovainilla.com\/en\/wp-json\/wp\/v2\/pages\/10645"}],"wp:attachment":[{"href":"https:\/\/studiovainilla.com\/en\/wp-json\/wp\/v2\/media?parent=10911"}],"curies":[{"name":"wp","href":"https:\/\/api.w.org\/{rel}","templated":true}]}}